{"id":1226,"date":"2015-01-29T08:40:58","date_gmt":"2015-01-29T08:40:58","guid":{"rendered":"http:\/\/provawp3.piramedia.it\/agriturismo-scarlino-2\/"},"modified":"2022-01-04T08:48:50","modified_gmt":"2022-01-04T08:48:50","slug":"bauernhof-bauernhof-toskana-meer","status":"publish","type":"page","link":"https:\/\/www.banchella.com\/de\/bauernhof-bauernhof-toskana-meer\/","title":{"rendered":"Bauernhof Toskana Meer"},"content":{"rendered":"<div class=\"pixcode  pixcode--grid  grid  \">\n\n<div class=\"grid__item eight-twelfths palm-one-whole island\">\n\n<hgroup class=\"pixcode  pixcode--heading article__headline\">\n\t<h2 class=\"headline__secondary\"><span class=\"first-letter\">B<\/span>auernhof Toskana Meer<\/h2>\n\t<h1 class=\"headline__primary\"><\/h1>\n<\/hgroup>\n<div class=\"pixcode  pixcode--separator  separator separator--line-flower separator_color--color\">\n<div class=\"line  line--left\"><\/div>\n<div class=\"line  line--right\"><\/div>\n<div class=\"star\">&#10043;<\/div>\n<div class=\"arrows\">\n<div class=\"arrow arrow--left\"><\/div>\n<div class=\"arrow arrow--right\"><\/div>\n<\/div>\n<\/div>\n\n<p style=\"text-align: left;\">Der ideale Ort f\u00fcr diejenigen, die Momente der Entspannung von der Hektik, genie\u00dfen Sie das Meer und die Sonne der Toskana zu besuchen ihre charmanten D\u00f6rfer und Kellern. Die wunderbare Lage des Hofes k\u00f6nnen Sie viele Ausfl\u00fcge der beiden historischen und nat\u00fcrlichen Eigenschaften machen: am Fu\u00dfe des Dorfes Scarlino, Mittelalterliches Dorf mit seiner Festung Aldobrandesca aus dem zw\u00f6lften Jahrhundert, umgeben von der Firma kann einfach mit einer kurzen Fahrt Castiglione erreichbar Pescaia das malerische Dorf am Meer, Massa Marittima wertvolle &#8222;Edelstein des Mittelalters&#8220;, dem exklusiven Yachth\u00e4fen &#8222;Marina di Scarlino&#8220; und Punta Ala. Mit Tagesausfl\u00fcge k\u00f6nnen Sie leicht die &#8222;sch\u00f6nsten Orte der Toskana von der Kunstst\u00e4dte wie Siena und Pisa, die Bezirke Vino Brunello di Montalcino und Morellino di Scansano und den Thermen von Venturina und Saturnia.<br \/>\nNaturliebhaber werden die Wege des Parks &#8222;Verbannen Scarlino&#8220; mit Wander genie\u00dfen und Reiten im Meer, w\u00e4hrend die Biker sich entlang der Wege, bekannt geworden durch &#8222;Superenduro&#8220; von Punta Ala und der Enduro Weltmeisterschaft zu fr\u00f6nen , wahre Symbole f\u00fcr Fans von MTB, leicht mit dem Fahrrad direkt von der Firma zu erreichen.<\/p>\n\n<\/div>\n\n<div class=\"grid__item two-twelfths palm-one-whole \">\n\n<div style=\"text-align: center;\"><a href=\"\/wp-content\/uploads\/2014\/05\/1b.jpg\"><img decoding=\"async\" loading=\"lazy\" class=\"alignnone size-medium wp-image-577\" src=\"\/wp-content\/uploads\/2014\/05\/1b-300x218.jpg\" alt=\"1b\" width=\"310\" height=\"225\" srcset=\"https:\/\/www.banchella.com\/wp-content\/uploads\/2014\/05\/1b-300x218.jpg 300w, https:\/\/www.banchella.com\/wp-content\/uploads\/2014\/05\/1b-900x654.jpg 900w, https:\/\/www.banchella.com\/wp-content\/uploads\/2014\/05\/1b-400x291.jpg 400w, https:\/\/www.banchella.com\/wp-content\/uploads\/2014\/05\/1b.jpg 1000w\" sizes=\"(max-width: 310px) 100vw, 310px\" \/><\/a><\/div>\n<p>&nbsp;<\/p>\n<div style=\"text-align: center;\"><a href=\"\/wp-content\/uploads\/2014\/05\/2b.jpg\"><img decoding=\"async\" loading=\"lazy\" class=\"alignnone size-medium wp-image-573\" src=\"\/wp-content\/uploads\/2014\/05\/2b-300x218.jpg\" alt=\"2b\" width=\"310\" height=\"225\" srcset=\"https:\/\/www.banchella.com\/wp-content\/uploads\/2014\/05\/2b-300x218.jpg 300w, https:\/\/www.banchella.com\/wp-content\/uploads\/2014\/05\/2b-900x654.jpg 900w, https:\/\/www.banchella.com\/wp-content\/uploads\/2014\/05\/2b-400x291.jpg 400w, https:\/\/www.banchella.com\/wp-content\/uploads\/2014\/05\/2b.jpg 1000w\" sizes=\"(max-width: 310px) 100vw, 310px\" \/><\/a><\/div>\n\n<\/div>\n<div class=\"grid__item two-twelfths palm-one-whole \">\n\n<div style=\"text-align: center;\"><a href=\"\/wp-content\/uploads\/2014\/05\/3b.jpg\"><img decoding=\"async\" loading=\"lazy\" class=\"alignnone size-medium wp-image-578\" src=\"\/wp-content\/uploads\/2014\/05\/3b-300x218.jpg\" alt=\"3b\" width=\"310\" height=\"225\" srcset=\"https:\/\/www.banchella.com\/wp-content\/uploads\/2014\/05\/3b-300x218.jpg 300w, https:\/\/www.banchella.com\/wp-content\/uploads\/2014\/05\/3b-900x654.jpg 900w, https:\/\/www.banchella.com\/wp-content\/uploads\/2014\/05\/3b-400x291.jpg 400w, https:\/\/www.banchella.com\/wp-content\/uploads\/2014\/05\/3b.jpg 1000w\" sizes=\"(max-width: 310px) 100vw, 310px\" \/><\/a><\/div>\n<p>&nbsp;<\/p>\n<div style=\"text-align: center;\"><a href=\"\/wp-content\/uploads\/2014\/05\/4b.jpg\"><img decoding=\"async\" loading=\"lazy\" class=\"alignnone size-medium wp-image-576\" src=\"\/wp-content\/uploads\/2014\/05\/4b-300x218.jpg\" alt=\"4b\" width=\"310\" height=\"225\" \/><\/a><\/div>\n\n<\/div>\n\n<p>&nbsp;<\/p>\n<div class=\"grid__item two-twelfths palm-one-whole \">\n\n<div style=\"text-align: center;\"><a href=\"https:\/\/www.banchella.com\/wp-content\/uploads\/2022\/01\/r2b04582.jpg\"><img decoding=\"async\" loading=\"lazy\" class=\"alignnone wp-image-6079 size-medium\" src=\"https:\/\/www.banchella.com\/wp-content\/uploads\/2022\/01\/r2b04582-300x200.jpg\" alt=\"\" width=\"300\" height=\"200\" srcset=\"https:\/\/www.banchella.com\/wp-content\/uploads\/2022\/01\/r2b04582-300x200.jpg 300w, https:\/\/www.banchella.com\/wp-content\/uploads\/2022\/01\/r2b04582-1024x683.jpg 1024w, https:\/\/www.banchella.com\/wp-content\/uploads\/2022\/01\/r2b04582-768x512.jpg 768w, https:\/\/www.banchella.com\/wp-content\/uploads\/2022\/01\/r2b04582-1536x1025.jpg 1536w, https:\/\/www.banchella.com\/wp-content\/uploads\/2022\/01\/r2b04582-1200x801.jpg 1200w, https:\/\/www.banchella.com\/wp-content\/uploads\/2022\/01\/r2b04582-900x600.jpg 900w, https:\/\/www.banchella.com\/wp-content\/uploads\/2022\/01\/r2b04582-400x267.jpg 400w, https:\/\/www.banchella.com\/wp-content\/uploads\/2022\/01\/r2b04582.jpg 1920w\" sizes=\"(max-width: 300px) 100vw, 300px\" \/><\/a><\/div>\n<p>&nbsp;<\/p>\n<div style=\"text-align: center;\"><a href=\"https:\/\/www.banchella.com\/wp-content\/uploads\/2022\/01\/r2b04577.jpg\"><img decoding=\"async\" loading=\"lazy\" class=\"alignnone wp-image-6083 size-medium\" src=\"https:\/\/www.banchella.com\/wp-content\/uploads\/2022\/01\/r2b04577-300x200.jpg\" alt=\"\" width=\"300\" height=\"200\" srcset=\"https:\/\/www.banchella.com\/wp-content\/uploads\/2022\/01\/r2b04577-300x200.jpg 300w, https:\/\/www.banchella.com\/wp-content\/uploads\/2022\/01\/r2b04577-1024x683.jpg 1024w, https:\/\/www.banchella.com\/wp-content\/uploads\/2022\/01\/r2b04577-768x512.jpg 768w, https:\/\/www.banchella.com\/wp-content\/uploads\/2022\/01\/r2b04577-1536x1025.jpg 1536w, https:\/\/www.banchella.com\/wp-content\/uploads\/2022\/01\/r2b04577-1200x801.jpg 1200w, https:\/\/www.banchella.com\/wp-content\/uploads\/2022\/01\/r2b04577-900x600.jpg 900w, https:\/\/www.banchella.com\/wp-content\/uploads\/2022\/01\/r2b04577-400x267.jpg 400w, https:\/\/www.banchella.com\/wp-content\/uploads\/2022\/01\/r2b04577.jpg 1920w\" sizes=\"(max-width: 300px) 100vw, 300px\" \/><\/a><\/div>\n\n<\/div>\n<div class=\"grid__item two-twelfths palm-one-whole \">\n\n<div style=\"text-align: center;\"><a href=\"https:\/\/www.banchella.com\/wp-content\/uploads\/2022\/01\/r2b04414.jpg\"><img decoding=\"async\" loading=\"lazy\" class=\"alignnone wp-image-6088 size-medium\" src=\"https:\/\/www.banchella.com\/wp-content\/uploads\/2022\/01\/r2b04414-300x200.jpg\" alt=\"\" width=\"300\" height=\"200\" srcset=\"https:\/\/www.banchella.com\/wp-content\/uploads\/2022\/01\/r2b04414-300x200.jpg 300w, https:\/\/www.banchella.com\/wp-content\/uploads\/2022\/01\/r2b04414-1024x683.jpg 1024w, https:\/\/www.banchella.com\/wp-content\/uploads\/2022\/01\/r2b04414-768x512.jpg 768w, https:\/\/www.banchella.com\/wp-content\/uploads\/2022\/01\/r2b04414-1536x1025.jpg 1536w, https:\/\/www.banchella.com\/wp-content\/uploads\/2022\/01\/r2b04414-1200x801.jpg 1200w, https:\/\/www.banchella.com\/wp-content\/uploads\/2022\/01\/r2b04414-900x600.jpg 900w, https:\/\/www.banchella.com\/wp-content\/uploads\/2022\/01\/r2b04414-400x267.jpg 400w, https:\/\/www.banchella.com\/wp-content\/uploads\/2022\/01\/r2b04414.jpg 1920w\" sizes=\"(max-width: 300px) 100vw, 300px\" \/><\/a><\/div>\n<p>&nbsp;<\/p>\n<div style=\"text-align: center;\"><a href=\"https:\/\/www.banchella.com\/wp-content\/uploads\/2022\/01\/r2b04538.jpg\"><img decoding=\"async\" loading=\"lazy\" class=\"alignnone wp-image-6109 size-medium\" src=\"https:\/\/www.banchella.com\/wp-content\/uploads\/2022\/01\/r2b04538-300x200.jpg\" alt=\"\" width=\"300\" height=\"200\" srcset=\"https:\/\/www.banchella.com\/wp-content\/uploads\/2022\/01\/r2b04538-300x200.jpg 300w, https:\/\/www.banchella.com\/wp-content\/uploads\/2022\/01\/r2b04538-1024x683.jpg 1024w, https:\/\/www.banchella.com\/wp-content\/uploads\/2022\/01\/r2b04538-768x512.jpg 768w, https:\/\/www.banchella.com\/wp-content\/uploads\/2022\/01\/r2b04538-1536x1025.jpg 1536w, https:\/\/www.banchella.com\/wp-content\/uploads\/2022\/01\/r2b04538-1200x801.jpg 1200w, https:\/\/www.banchella.com\/wp-content\/uploads\/2022\/01\/r2b04538-900x600.jpg 900w, https:\/\/www.banchella.com\/wp-content\/uploads\/2022\/01\/r2b04538-400x267.jpg 400w, https:\/\/www.banchella.com\/wp-content\/uploads\/2022\/01\/r2b04538.jpg 1920w\" sizes=\"(max-width: 300px) 100vw, 300px\" \/><\/a><\/div>\n\n<\/div>\n\n\n<\/div>\n\n","protected":false},"excerpt":{"rendered":"","protected":false},"author":1,"featured_media":0,"parent":0,"menu_order":0,"comment_status":"closed","ping_status":"closed","template":"page-templates\/slideshow.php","meta":{"_expiration-date-status":"saved","_expiration-date":0,"_expiration-date-type":"","_expiration-date-categories":[],"_expiration-date-options":[]},"yoast_head":"<!-- This site is optimized with the Yoast SEO plugin v20.1 - https:\/\/yoast.com\/wordpress\/plugins\/seo\/ -->\n<title>Bauernhof Toskana Meer: Bauernhof La Cala Violina Banchella<\/title>\n<meta name=\"description\" content=\"Bauernhof Toskana Meer; Der Bauernhof Der Banchella ist ein wirklich in Familienbesitz und Management im Herzen der Toskana in Scarlino den Golf von Follonica vor der Insel Elba entfernt.\" \/>\n<meta name=\"robots\" content=\"index, follow, max-snippet:-1, max-image-preview:large, max-video-preview:-1\" \/>\n<meta property=\"og:locale\" content=\"de_DE\" \/>\n<meta property=\"og:type\" content=\"article\" \/>\n<meta property=\"og:title\" content=\"Bauernhof Toskana Meer: Bauernhof La Cala Violina Banchella\" \/>\n<meta property=\"og:description\" content=\"Bauernhof Toskana Meer; Der Bauernhof Der Banchella ist ein wirklich in Familienbesitz und Management im Herzen der Toskana in Scarlino den Golf von Follonica vor der Insel Elba entfernt.\" \/>\n<meta property=\"og:url\" content=\"https:\/\/www.banchella.com\/de\/bauernhof-bauernhof-toskana-meer\/\" \/>\n<meta property=\"og:site_name\" content=\"Banchella\" \/>\n<meta property=\"article:modified_time\" content=\"2022-01-04T08:48:50+00:00\" \/>\n<meta property=\"og:image\" content=\"https:\/\/www.banchella.com\/wp-content\/uploads\/2022\/01\/r2b04582-300x200.jpg\" \/>\n<meta name=\"twitter:label1\" content=\"Gesch\u00e4tzte Lesezeit\" \/>\n\t<meta name=\"twitter:data1\" content=\"1\u00a0Minute\" \/>\n<script type=\"application\/ld+json\" class=\"yoast-schema-graph\">{\"@context\":\"https:\/\/schema.org\",\"@graph\":[{\"@type\":\"WebPage\",\"@id\":\"https:\/\/www.banchella.com\/de\/bauernhof-bauernhof-toskana-meer\/\",\"url\":\"https:\/\/www.banchella.com\/de\/bauernhof-bauernhof-toskana-meer\/\",\"name\":\"Bauernhof Toskana Meer: Bauernhof La Cala Violina Banchella\",\"isPartOf\":{\"@id\":\"https:\/\/www.banchella.com\/#website\"},\"datePublished\":\"2015-01-29T08:40:58+00:00\",\"dateModified\":\"2022-01-04T08:48:50+00:00\",\"description\":\"Bauernhof Toskana Meer; Der Bauernhof Der Banchella ist ein wirklich in Familienbesitz und Management im Herzen der Toskana in Scarlino den Golf von Follonica vor der Insel Elba entfernt.\",\"breadcrumb\":{\"@id\":\"https:\/\/www.banchella.com\/de\/bauernhof-bauernhof-toskana-meer\/#breadcrumb\"},\"inLanguage\":\"de\",\"potentialAction\":[{\"@type\":\"ReadAction\",\"target\":[\"https:\/\/www.banchella.com\/de\/bauernhof-bauernhof-toskana-meer\/\"]}]},{\"@type\":\"BreadcrumbList\",\"@id\":\"https:\/\/www.banchella.com\/de\/bauernhof-bauernhof-toskana-meer\/#breadcrumb\",\"itemListElement\":[{\"@type\":\"ListItem\",\"position\":1,\"name\":\"Home\",\"item\":\"https:\/\/www.banchella.com\/de\/\"},{\"@type\":\"ListItem\",\"position\":2,\"name\":\"Bauernhof Toskana Meer\"}]},{\"@type\":\"WebSite\",\"@id\":\"https:\/\/www.banchella.com\/#website\",\"url\":\"https:\/\/www.banchella.com\/\",\"name\":\"Banchella\",\"description\":\"Agriturismo a Scarlino\",\"potentialAction\":[{\"@type\":\"SearchAction\",\"target\":{\"@type\":\"EntryPoint\",\"urlTemplate\":\"https:\/\/www.banchella.com\/?s={search_term_string}\"},\"query-input\":\"required name=search_term_string\"}],\"inLanguage\":\"de\"}]}<\/script>\n<!-- \/ Yoast SEO plugin. -->","yoast_head_json":{"title":"Bauernhof Toskana Meer: Bauernhof La Cala Violina Banchella","description":"Bauernhof Toskana Meer; Der Bauernhof Der Banchella ist ein wirklich in Familienbesitz und Management im Herzen der Toskana in Scarlino den Golf von Follonica vor der Insel Elba entfernt.","robots":{"index":"index","follow":"follow","max-snippet":"max-snippet:-1","max-image-preview":"max-image-preview:large","max-video-preview":"max-video-preview:-1"},"og_locale":"de_DE","og_type":"article","og_title":"Bauernhof Toskana Meer: Bauernhof La Cala Violina Banchella","og_description":"Bauernhof Toskana Meer; Der Bauernhof Der Banchella ist ein wirklich in Familienbesitz und Management im Herzen der Toskana in Scarlino den Golf von Follonica vor der Insel Elba entfernt.","og_url":"https:\/\/www.banchella.com\/de\/bauernhof-bauernhof-toskana-meer\/","og_site_name":"Banchella","article_modified_time":"2022-01-04T08:48:50+00:00","og_image":[{"url":"https:\/\/www.banchella.com\/wp-content\/uploads\/2022\/01\/r2b04582-300x200.jpg"}],"twitter_misc":{"Gesch\u00e4tzte Lesezeit":"1\u00a0Minute"},"schema":{"@context":"https:\/\/schema.org","@graph":[{"@type":"WebPage","@id":"https:\/\/www.banchella.com\/de\/bauernhof-bauernhof-toskana-meer\/","url":"https:\/\/www.banchella.com\/de\/bauernhof-bauernhof-toskana-meer\/","name":"Bauernhof Toskana Meer: Bauernhof La Cala Violina Banchella","isPartOf":{"@id":"https:\/\/www.banchella.com\/#website"},"datePublished":"2015-01-29T08:40:58+00:00","dateModified":"2022-01-04T08:48:50+00:00","description":"Bauernhof Toskana Meer; Der Bauernhof Der Banchella ist ein wirklich in Familienbesitz und Management im Herzen der Toskana in Scarlino den Golf von Follonica vor der Insel Elba entfernt.","breadcrumb":{"@id":"https:\/\/www.banchella.com\/de\/bauernhof-bauernhof-toskana-meer\/#breadcrumb"},"inLanguage":"de","potentialAction":[{"@type":"ReadAction","target":["https:\/\/www.banchella.com\/de\/bauernhof-bauernhof-toskana-meer\/"]}]},{"@type":"BreadcrumbList","@id":"https:\/\/www.banchella.com\/de\/bauernhof-bauernhof-toskana-meer\/#breadcrumb","itemListElement":[{"@type":"ListItem","position":1,"name":"Home","item":"https:\/\/www.banchella.com\/de\/"},{"@type":"ListItem","position":2,"name":"Bauernhof Toskana Meer"}]},{"@type":"WebSite","@id":"https:\/\/www.banchella.com\/#website","url":"https:\/\/www.banchella.com\/","name":"Banchella","description":"Agriturismo a Scarlino","potentialAction":[{"@type":"SearchAction","target":{"@type":"EntryPoint","urlTemplate":"https:\/\/www.banchella.com\/?s={search_term_string}"},"query-input":"required name=search_term_string"}],"inLanguage":"de"}]}},"_links":{"self":[{"href":"https:\/\/www.banchella.com\/de\/wp-json\/wp\/v2\/pages\/1226"}],"collection":[{"href":"https:\/\/www.banchella.com\/de\/wp-json\/wp\/v2\/pages"}],"about":[{"href":"https:\/\/www.banchella.com\/de\/wp-json\/wp\/v2\/types\/page"}],"author":[{"embeddable":true,"href":"https:\/\/www.banchella.com\/de\/wp-json\/wp\/v2\/users\/1"}],"replies":[{"embeddable":true,"href":"https:\/\/www.banchella.com\/de\/wp-json\/wp\/v2\/comments?post=1226"}],"version-history":[{"count":0,"href":"https:\/\/www.banchella.com\/de\/wp-json\/wp\/v2\/pages\/1226\/revisions"}],"wp:attachment":[{"href":"https:\/\/www.banchella.com\/de\/wp-json\/wp\/v2\/media?parent=1226"}],"curies":[{"name":"wp","href":"https:\/\/api.w.org\/{rel}","templated":true}]}}