{"id":1228,"date":"2015-01-29T08:56:16","date_gmt":"2015-01-29T08:56:16","guid":{"rendered":"http:\/\/provawp3.piramedia.it\/appartamenti-scarlino-2\/"},"modified":"2022-01-04T08:51:00","modified_gmt":"2022-01-04T08:51:00","slug":"apartments-scarlino","status":"publish","type":"page","link":"https:\/\/www.banchella.com\/de\/apartments-scarlino\/","title":{"rendered":"Apartments Scarlino"},"content":{"rendered":"<div class=\"pixcode  pixcode--grid  grid  \">\n\n<div class=\"grid__item eight-twelfths palm-one-whole island\">\n\n<hgroup class=\"pixcode  pixcode--heading article__headline\">\n\t<h2 class=\"headline__secondary\"><span class=\"first-letter\">A<\/span>ppartamenti Scarlino<\/h2>\n\t<h1 class=\"headline__primary\"><\/h1>\n<\/hgroup>\n<div class=\"pixcode  pixcode--separator  separator separator--line-flower separator_color--color\">\n<div class=\"line  line--left\"><\/div>\n<div class=\"line  line--right\"><\/div>\n<div class=\"star\">&#10043;<\/div>\n<div class=\"arrows\">\n<div class=\"arrow arrow--left\"><\/div>\n<div class=\"arrow arrow--right\"><\/div>\n<\/div>\n<\/div>\n\n<p>Der Hof verf\u00fcgt \u00fcber Zwei-Zimmer-Wohnungen mit allem Komfort mit Terrasse oder Gr\u00fcnfl\u00e4chen au\u00dferhalb ausgestattet.<\/p>\n<p>Unter einer gro\u00dfen Veranda ist der Gemeinschaftsraum (mit WI-FI), wo auf Anfrage das Fr\u00fchst\u00fcck mit hausgemachten Kuchen, Obst und lokalen Produkten serviert.<\/p>\n<p>F\u00fcr die ultimative Entspannung, in einer privaten Ecke und gr\u00fcn, k\u00f6nnen Sie den sch\u00f6nen Swimmingpool mit Salzwasser zu genie\u00dfen und mit einem Jacuzzi ausgestattet Abschnitt k\u00f6nnen. Die Sonnenterrasse, die sie umgibt ist der ideale Platz f\u00fcr intensive und angenehme Momente der Ruhe.<\/p>\n\n<\/div>\n\n<div class=\"grid__item two-twelfths palm-one-whole \">\n\n<div style=\"text-align: center;\"><a href=\"https:\/\/www.banchella.com\/wp-content\/uploads\/2022\/01\/r2b04685-hdr.jpg\"><img decoding=\"async\" loading=\"lazy\" class=\"alignnone wp-image-6132 size-medium\" src=\"https:\/\/www.banchella.com\/wp-content\/uploads\/2022\/01\/r2b04685-hdr-300x200.jpg\" alt=\"\" width=\"300\" height=\"200\" srcset=\"https:\/\/www.banchella.com\/wp-content\/uploads\/2022\/01\/r2b04685-hdr-300x200.jpg 300w, https:\/\/www.banchella.com\/wp-content\/uploads\/2022\/01\/r2b04685-hdr-1024x683.jpg 1024w, https:\/\/www.banchella.com\/wp-content\/uploads\/2022\/01\/r2b04685-hdr-768x512.jpg 768w, https:\/\/www.banchella.com\/wp-content\/uploads\/2022\/01\/r2b04685-hdr-1536x1025.jpg 1536w, https:\/\/www.banchella.com\/wp-content\/uploads\/2022\/01\/r2b04685-hdr-1200x801.jpg 1200w, https:\/\/www.banchella.com\/wp-content\/uploads\/2022\/01\/r2b04685-hdr-900x600.jpg 900w, https:\/\/www.banchella.com\/wp-content\/uploads\/2022\/01\/r2b04685-hdr-400x267.jpg 400w, https:\/\/www.banchella.com\/wp-content\/uploads\/2022\/01\/r2b04685-hdr.jpg 1920w\" sizes=\"(max-width: 300px) 100vw, 300px\" \/><\/a><\/div>\n<p>&nbsp;<\/p>\n<div style=\"text-align: center;\"><a href=\"https:\/\/www.banchella.com\/wp-content\/uploads\/2022\/01\/r2b04694-hdr.jpg\"><img decoding=\"async\" loading=\"lazy\" class=\"alignnone wp-image-6135 size-medium\" src=\"https:\/\/www.banchella.com\/wp-content\/uploads\/2022\/01\/r2b04694-hdr-300x200.jpg\" alt=\"\" width=\"300\" height=\"200\" srcset=\"https:\/\/www.banchella.com\/wp-content\/uploads\/2022\/01\/r2b04694-hdr-300x200.jpg 300w, https:\/\/www.banchella.com\/wp-content\/uploads\/2022\/01\/r2b04694-hdr-1024x683.jpg 1024w, https:\/\/www.banchella.com\/wp-content\/uploads\/2022\/01\/r2b04694-hdr-768x512.jpg 768w, https:\/\/www.banchella.com\/wp-content\/uploads\/2022\/01\/r2b04694-hdr-1536x1025.jpg 1536w, https:\/\/www.banchella.com\/wp-content\/uploads\/2022\/01\/r2b04694-hdr-1200x801.jpg 1200w, https:\/\/www.banchella.com\/wp-content\/uploads\/2022\/01\/r2b04694-hdr-900x600.jpg 900w, https:\/\/www.banchella.com\/wp-content\/uploads\/2022\/01\/r2b04694-hdr-400x267.jpg 400w, https:\/\/www.banchella.com\/wp-content\/uploads\/2022\/01\/r2b04694-hdr.jpg 1920w\" sizes=\"(max-width: 300px) 100vw, 300px\" \/><\/a><\/div>\n<p>&nbsp;<\/p>\n<div style=\"text-align: center;\"><a href=\"https:\/\/www.banchella.com\/wp-content\/uploads\/2022\/01\/r2b04703-hdr.jpg\"><img decoding=\"async\" loading=\"lazy\" class=\"alignnone wp-image-6138 size-medium\" src=\"https:\/\/www.banchella.com\/wp-content\/uploads\/2022\/01\/r2b04703-hdr-300x200.jpg\" alt=\"\" width=\"300\" height=\"200\" srcset=\"https:\/\/www.banchella.com\/wp-content\/uploads\/2022\/01\/r2b04703-hdr-300x200.jpg 300w, https:\/\/www.banchella.com\/wp-content\/uploads\/2022\/01\/r2b04703-hdr-1024x683.jpg 1024w, https:\/\/www.banchella.com\/wp-content\/uploads\/2022\/01\/r2b04703-hdr-768x512.jpg 768w, https:\/\/www.banchella.com\/wp-content\/uploads\/2022\/01\/r2b04703-hdr-1536x1025.jpg 1536w, https:\/\/www.banchella.com\/wp-content\/uploads\/2022\/01\/r2b04703-hdr-1200x801.jpg 1200w, https:\/\/www.banchella.com\/wp-content\/uploads\/2022\/01\/r2b04703-hdr-900x600.jpg 900w, https:\/\/www.banchella.com\/wp-content\/uploads\/2022\/01\/r2b04703-hdr-400x267.jpg 400w, https:\/\/www.banchella.com\/wp-content\/uploads\/2022\/01\/r2b04703-hdr.jpg 1920w\" sizes=\"(max-width: 300px) 100vw, 300px\" \/><\/a><\/div>\n<p>&nbsp;<\/p>\n<div style=\"text-align: center;\"><a href=\"https:\/\/www.banchella.com\/wp-content\/uploads\/2022\/01\/r2b04891-hdr.jpg\"><img decoding=\"async\" loading=\"lazy\" class=\"alignnone wp-image-6128 size-medium\" src=\"https:\/\/www.banchella.com\/wp-content\/uploads\/2022\/01\/r2b04891-hdr-300x188.jpg\" alt=\"\" width=\"300\" height=\"188\" srcset=\"https:\/\/www.banchella.com\/wp-content\/uploads\/2022\/01\/r2b04891-hdr-300x188.jpg 300w, https:\/\/www.banchella.com\/wp-content\/uploads\/2022\/01\/r2b04891-hdr-1024x643.jpg 1024w, https:\/\/www.banchella.com\/wp-content\/uploads\/2022\/01\/r2b04891-hdr-768x482.jpg 768w, https:\/\/www.banchella.com\/wp-content\/uploads\/2022\/01\/r2b04891-hdr-1536x965.jpg 1536w, https:\/\/www.banchella.com\/wp-content\/uploads\/2022\/01\/r2b04891-hdr-1200x754.jpg 1200w, https:\/\/www.banchella.com\/wp-content\/uploads\/2022\/01\/r2b04891-hdr-900x565.jpg 900w, https:\/\/www.banchella.com\/wp-content\/uploads\/2022\/01\/r2b04891-hdr-400x251.jpg 400w, https:\/\/www.banchella.com\/wp-content\/uploads\/2022\/01\/r2b04891-hdr.jpg 1920w\" sizes=\"(max-width: 300px) 100vw, 300px\" \/><\/a><\/div>\n<p>&nbsp;<\/p>\n<div style=\"text-align: center;\"><a href=\"https:\/\/www.banchella.com\/wp-content\/uploads\/2022\/01\/r2b04766-hdr.jpg\"><img decoding=\"async\" loading=\"lazy\" class=\"alignnone wp-image-6141 size-medium\" src=\"https:\/\/www.banchella.com\/wp-content\/uploads\/2022\/01\/r2b04766-hdr-300x200.jpg\" alt=\"\" width=\"300\" height=\"200\" srcset=\"https:\/\/www.banchella.com\/wp-content\/uploads\/2022\/01\/r2b04766-hdr-300x200.jpg 300w, https:\/\/www.banchella.com\/wp-content\/uploads\/2022\/01\/r2b04766-hdr-1024x683.jpg 1024w, https:\/\/www.banchella.com\/wp-content\/uploads\/2022\/01\/r2b04766-hdr-768x512.jpg 768w, https:\/\/www.banchella.com\/wp-content\/uploads\/2022\/01\/r2b04766-hdr-1536x1025.jpg 1536w, https:\/\/www.banchella.com\/wp-content\/uploads\/2022\/01\/r2b04766-hdr-1200x801.jpg 1200w, https:\/\/www.banchella.com\/wp-content\/uploads\/2022\/01\/r2b04766-hdr-900x600.jpg 900w, https:\/\/www.banchella.com\/wp-content\/uploads\/2022\/01\/r2b04766-hdr-400x267.jpg 400w, https:\/\/www.banchella.com\/wp-content\/uploads\/2022\/01\/r2b04766-hdr.jpg 1920w\" sizes=\"(max-width: 300px) 100vw, 300px\" \/><\/a><\/div>\n<p>&nbsp;<\/p>\n<div style=\"text-align: center;\"><a href=\"https:\/\/www.banchella.com\/wp-content\/uploads\/2015\/01\/159.jpg\"><img decoding=\"async\" loading=\"lazy\" class=\"alignnone size-medium wp-image-1492\" src=\"https:\/\/www.banchella.com\/wp-content\/uploads\/2015\/01\/159-300x199.jpg\" alt=\"159\" width=\"300\" height=\"199\" srcset=\"https:\/\/www.banchella.com\/wp-content\/uploads\/2015\/01\/159-300x199.jpg 300w, https:\/\/www.banchella.com\/wp-content\/uploads\/2015\/01\/159-1024x681.jpg 1024w, https:\/\/www.banchella.com\/wp-content\/uploads\/2015\/01\/159-2048x1362.jpg 2048w, https:\/\/www.banchella.com\/wp-content\/uploads\/2015\/01\/159-1200x798.jpg 1200w, https:\/\/www.banchella.com\/wp-content\/uploads\/2015\/01\/159-900x598.jpg 900w, https:\/\/www.banchella.com\/wp-content\/uploads\/2015\/01\/159-400x266.jpg 400w\" sizes=\"(max-width: 300px) 100vw, 300px\" \/><\/a><\/div>\n<p>&nbsp;<\/p>\n<div style=\"text-align: center;\"><a href=\"https:\/\/www.banchella.com\/wp-content\/uploads\/2022\/01\/r2b04948-hdr.jpg\"><img decoding=\"async\" loading=\"lazy\" class=\"alignnone wp-image-6147 size-medium\" src=\"https:\/\/www.banchella.com\/wp-content\/uploads\/2022\/01\/r2b04948-hdr-300x200.jpg\" alt=\"\" width=\"300\" height=\"200\" srcset=\"https:\/\/www.banchella.com\/wp-content\/uploads\/2022\/01\/r2b04948-hdr-300x200.jpg 300w, https:\/\/www.banchella.com\/wp-content\/uploads\/2022\/01\/r2b04948-hdr-1024x683.jpg 1024w, https:\/\/www.banchella.com\/wp-content\/uploads\/2022\/01\/r2b04948-hdr-768x512.jpg 768w, https:\/\/www.banchella.com\/wp-content\/uploads\/2022\/01\/r2b04948-hdr-1536x1025.jpg 1536w, https:\/\/www.banchella.com\/wp-content\/uploads\/2022\/01\/r2b04948-hdr-1200x801.jpg 1200w, https:\/\/www.banchella.com\/wp-content\/uploads\/2022\/01\/r2b04948-hdr-900x600.jpg 900w, https:\/\/www.banchella.com\/wp-content\/uploads\/2022\/01\/r2b04948-hdr-400x267.jpg 400w, https:\/\/www.banchella.com\/wp-content\/uploads\/2022\/01\/r2b04948-hdr.jpg 1920w\" sizes=\"(max-width: 300px) 100vw, 300px\" \/><\/a><\/div>\n<p>&nbsp;<\/p>\n\n<\/div>\n\n<div class=\"grid__item two-twelfths palm-one-whole \">\n\n<div style=\"text-align: center;\"><a href=\"https:\/\/www.banchella.com\/wp-content\/uploads\/2022\/01\/r2b04975-hdr.jpg\"><img decoding=\"async\" loading=\"lazy\" class=\"alignnone wp-image-6132 size-medium\" src=\"https:\/\/www.banchella.com\/wp-content\/uploads\/2022\/01\/r2b04975-hdr-300x200.jpg\" alt=\"\" width=\"300\" height=\"200\" \/><\/a><\/div>\n<p>&nbsp;<\/p>\n<div style=\"text-align: center;\"><a href=\"https:\/\/www.banchella.com\/wp-content\/uploads\/2022\/01\/r2b04757-hdr.jpg\"><img decoding=\"async\" loading=\"lazy\" class=\"alignnone wp-image-6135 size-medium\" src=\"https:\/\/www.banchella.com\/wp-content\/uploads\/2022\/01\/r2b04757-hdr-300x200.jpg\" alt=\"\" width=\"300\" height=\"200\" \/><\/a><\/div>\n<p>&nbsp;<\/p>\n<div style=\"text-align: center;\"><a href=\"https:\/\/www.banchella.com\/wp-content\/uploads\/2022\/01\/r2b04921-hdr.jpg\"><img decoding=\"async\" loading=\"lazy\" class=\"alignnone wp-image-6138 size-medium\" src=\"https:\/\/www.banchella.com\/wp-content\/uploads\/2022\/01\/r2b04921-hdr-300x200.jpg\" alt=\"\" width=\"300\" height=\"200\" \/><\/a><\/div>\n<p>&nbsp;<\/p>\n<div style=\"text-align: center;\"><a href=\"https:\/\/www.banchella.com\/wp-content\/uploads\/2015\/01\/058.jpg\"><img decoding=\"async\" loading=\"lazy\" class=\"alignnone wp-image-6128 size-medium\" src=\"https:\/\/www.banchella.com\/wp-content\/uploads\/2015\/01\/058-300x199.jpg\" alt=\"\" width=\"300\" height=\"188\" \/><\/a><\/div>\n<p>&nbsp;<br \/>\n\n<\/div>\n\n\n<\/div>\n\n","protected":false},"excerpt":{"rendered":"","protected":false},"author":1,"featured_media":0,"parent":0,"menu_order":0,"comment_status":"closed","ping_status":"closed","template":"page-templates\/slideshow.php","meta":{"_expiration-date-status":"saved","_expiration-date":0,"_expiration-date-type":"","_expiration-date-categories":[],"_expiration-date-options":[]},"yoast_head":"<!-- This site is optimized with the Yoast SEO plugin v20.1 - https:\/\/yoast.com\/wordpress\/plugins\/seo\/ -->\n<title>Apartments Scarlino: Bauernhof La Cala Violina Banchella<\/title>\n<meta name=\"description\" content=\"Apartments Scarlino; Der Bauernhof Der Banchella ist ein wirklich in Familienbesitz und Management im Herzen der Toskana in Scarlino den Golf von Follonica vor der Insel Elba entfernt.\" \/>\n<meta name=\"robots\" content=\"index, follow, max-snippet:-1, max-image-preview:large, max-video-preview:-1\" \/>\n<meta property=\"og:locale\" content=\"de_DE\" \/>\n<meta property=\"og:type\" content=\"article\" \/>\n<meta property=\"og:title\" content=\"Apartments Scarlino: Bauernhof La Cala Violina Banchella\" \/>\n<meta property=\"og:description\" content=\"Apartments Scarlino; Der Bauernhof Der Banchella ist ein wirklich in Familienbesitz und Management im Herzen der Toskana in Scarlino den Golf von Follonica vor der Insel Elba entfernt.\" \/>\n<meta property=\"og:url\" content=\"https:\/\/www.banchella.com\/de\/apartments-scarlino\/\" \/>\n<meta property=\"og:site_name\" content=\"Banchella\" \/>\n<meta property=\"article:modified_time\" content=\"2022-01-04T08:51:00+00:00\" \/>\n<meta property=\"og:image\" content=\"https:\/\/www.banchella.com\/wp-content\/uploads\/2022\/01\/r2b04685-hdr-300x200.jpg\" \/>\n<meta name=\"twitter:label1\" content=\"Gesch\u00e4tzte Lesezeit\" \/>\n\t<meta name=\"twitter:data1\" content=\"1\u00a0Minute\" \/>\n<script type=\"application\/ld+json\" class=\"yoast-schema-graph\">{\"@context\":\"https:\/\/schema.org\",\"@graph\":[{\"@type\":\"WebPage\",\"@id\":\"https:\/\/www.banchella.com\/de\/apartments-scarlino\/\",\"url\":\"https:\/\/www.banchella.com\/de\/apartments-scarlino\/\",\"name\":\"Apartments Scarlino: Bauernhof La Cala Violina Banchella\",\"isPartOf\":{\"@id\":\"https:\/\/www.banchella.com\/#website\"},\"datePublished\":\"2015-01-29T08:56:16+00:00\",\"dateModified\":\"2022-01-04T08:51:00+00:00\",\"description\":\"Apartments Scarlino; Der Bauernhof Der Banchella ist ein wirklich in Familienbesitz und Management im Herzen der Toskana in Scarlino den Golf von Follonica vor der Insel Elba entfernt.\",\"breadcrumb\":{\"@id\":\"https:\/\/www.banchella.com\/de\/apartments-scarlino\/#breadcrumb\"},\"inLanguage\":\"de\",\"potentialAction\":[{\"@type\":\"ReadAction\",\"target\":[\"https:\/\/www.banchella.com\/de\/apartments-scarlino\/\"]}]},{\"@type\":\"BreadcrumbList\",\"@id\":\"https:\/\/www.banchella.com\/de\/apartments-scarlino\/#breadcrumb\",\"itemListElement\":[{\"@type\":\"ListItem\",\"position\":1,\"name\":\"Home\",\"item\":\"https:\/\/www.banchella.com\/de\/\"},{\"@type\":\"ListItem\",\"position\":2,\"name\":\"Apartments Scarlino\"}]},{\"@type\":\"WebSite\",\"@id\":\"https:\/\/www.banchella.com\/#website\",\"url\":\"https:\/\/www.banchella.com\/\",\"name\":\"Banchella\",\"description\":\"Agriturismo a Scarlino\",\"potentialAction\":[{\"@type\":\"SearchAction\",\"target\":{\"@type\":\"EntryPoint\",\"urlTemplate\":\"https:\/\/www.banchella.com\/?s={search_term_string}\"},\"query-input\":\"required name=search_term_string\"}],\"inLanguage\":\"de\"}]}<\/script>\n<!-- \/ Yoast SEO plugin. -->","yoast_head_json":{"title":"Apartments Scarlino: Bauernhof La Cala Violina Banchella","description":"Apartments Scarlino; Der Bauernhof Der Banchella ist ein wirklich in Familienbesitz und Management im Herzen der Toskana in Scarlino den Golf von Follonica vor der Insel Elba entfernt.","robots":{"index":"index","follow":"follow","max-snippet":"max-snippet:-1","max-image-preview":"max-image-preview:large","max-video-preview":"max-video-preview:-1"},"og_locale":"de_DE","og_type":"article","og_title":"Apartments Scarlino: Bauernhof La Cala Violina Banchella","og_description":"Apartments Scarlino; Der Bauernhof Der Banchella ist ein wirklich in Familienbesitz und Management im Herzen der Toskana in Scarlino den Golf von Follonica vor der Insel Elba entfernt.","og_url":"https:\/\/www.banchella.com\/de\/apartments-scarlino\/","og_site_name":"Banchella","article_modified_time":"2022-01-04T08:51:00+00:00","og_image":[{"url":"https:\/\/www.banchella.com\/wp-content\/uploads\/2022\/01\/r2b04685-hdr-300x200.jpg"}],"twitter_misc":{"Gesch\u00e4tzte Lesezeit":"1\u00a0Minute"},"schema":{"@context":"https:\/\/schema.org","@graph":[{"@type":"WebPage","@id":"https:\/\/www.banchella.com\/de\/apartments-scarlino\/","url":"https:\/\/www.banchella.com\/de\/apartments-scarlino\/","name":"Apartments Scarlino: Bauernhof La Cala Violina Banchella","isPartOf":{"@id":"https:\/\/www.banchella.com\/#website"},"datePublished":"2015-01-29T08:56:16+00:00","dateModified":"2022-01-04T08:51:00+00:00","description":"Apartments Scarlino; Der Bauernhof Der Banchella ist ein wirklich in Familienbesitz und Management im Herzen der Toskana in Scarlino den Golf von Follonica vor der Insel Elba entfernt.","breadcrumb":{"@id":"https:\/\/www.banchella.com\/de\/apartments-scarlino\/#breadcrumb"},"inLanguage":"de","potentialAction":[{"@type":"ReadAction","target":["https:\/\/www.banchella.com\/de\/apartments-scarlino\/"]}]},{"@type":"BreadcrumbList","@id":"https:\/\/www.banchella.com\/de\/apartments-scarlino\/#breadcrumb","itemListElement":[{"@type":"ListItem","position":1,"name":"Home","item":"https:\/\/www.banchella.com\/de\/"},{"@type":"ListItem","position":2,"name":"Apartments Scarlino"}]},{"@type":"WebSite","@id":"https:\/\/www.banchella.com\/#website","url":"https:\/\/www.banchella.com\/","name":"Banchella","description":"Agriturismo a Scarlino","potentialAction":[{"@type":"SearchAction","target":{"@type":"EntryPoint","urlTemplate":"https:\/\/www.banchella.com\/?s={search_term_string}"},"query-input":"required name=search_term_string"}],"inLanguage":"de"}]}},"_links":{"self":[{"href":"https:\/\/www.banchella.com\/de\/wp-json\/wp\/v2\/pages\/1228"}],"collection":[{"href":"https:\/\/www.banchella.com\/de\/wp-json\/wp\/v2\/pages"}],"about":[{"href":"https:\/\/www.banchella.com\/de\/wp-json\/wp\/v2\/types\/page"}],"author":[{"embeddable":true,"href":"https:\/\/www.banchella.com\/de\/wp-json\/wp\/v2\/users\/1"}],"replies":[{"embeddable":true,"href":"https:\/\/www.banchella.com\/de\/wp-json\/wp\/v2\/comments?post=1228"}],"version-history":[{"count":0,"href":"https:\/\/www.banchella.com\/de\/wp-json\/wp\/v2\/pages\/1228\/revisions"}],"wp:attachment":[{"href":"https:\/\/www.banchella.com\/de\/wp-json\/wp\/v2\/media?parent=1228"}],"curies":[{"name":"wp","href":"https:\/\/api.w.org\/{rel}","templated":true}]}}