{"id":1230,"date":"2015-01-29T08:18:01","date_gmt":"2015-01-29T08:18:01","guid":{"rendered":"http:\/\/provawp3.piramedia.it\/cala-violina-2\/"},"modified":"2020-01-22T15:33:56","modified_gmt":"2020-01-22T15:33:56","slug":"bauernhof-cala-violinacala","status":"publish","type":"page","link":"https:\/\/www.banchella.com\/de\/bauernhof-cala-violinacala\/","title":{"rendered":"Bauernhof Cala Violina"},"content":{"rendered":"<div class=\"pixcode  pixcode--grid  grid  \">\n\n<div class=\"grid__item eight-twelfths palm-one-whole island\">\n\n<hgroup class=\"pixcode  pixcode--heading article__headline\">\n\t<h2 class=\"headline__secondary\"><span class=\"first-letter\">C<\/span>ala Violina<\/h2>\n\t<h1 class=\"headline__primary\"><\/h1>\n<\/hgroup>\n<div class=\"pixcode  pixcode--separator  separator separator--line-flower separator_color--color\">\n<div class=\"line  line--left\"><\/div>\n<div class=\"line  line--right\"><\/div>\n<div class=\"star\">&#10043;<\/div>\n<div class=\"arrows\">\n<div class=\"arrow arrow--left\"><\/div>\n<div class=\"arrow arrow--right\"><\/div>\n<\/div>\n<\/div>\n\n<p>Der Bauernhof Der Banchella ist ein wirklich in Familienbesitz und Management im Herzen der Toskana in Scarlino den Golf von Follonica vor der Insel Elba entfernt. Nah am Meer, nur drei Kilometer, und dem ber\u00fchmten Strand von &#8222;Cala Violina&#8220;.<\/p>\n<p>Der ideale Ort f\u00fcr diejenigen, die Momente der Entspannung von der Hektik, genie\u00dfen Sie das Meer und die Sonne der Toskana zu besuchen ihre charmanten D\u00f6rfer und Kellern.<\/p>\n<p>Die wunderbare Lage des Hofes k\u00f6nnen Sie viele Ausfl\u00fcge der beiden historischen und nat\u00fcrlichen Eigenschaften machen: am Fu\u00dfe des Dorfes Scarlino, Mittelalterliches Dorf mit seiner Festung Aldobrandesca aus dem zw\u00f6lften Jahrhundert, umgeben von der Firma kann einfach mit einer kurzen Fahrt Castiglione erreichbar Pescaia das malerische Dorf am Meer, Massa Marittima wertvolle &#8222;Edelstein des Mittelalters&#8220;, dem exklusiven Yachth\u00e4fen &#8222;Marina di Scarlino&#8220; und Punta Ala.<\/p>\n<p>Mit Tagesausfl\u00fcge k\u00f6nnen Sie leicht die &#8222;sch\u00f6nsten Orte der Toskana von der Kunstst\u00e4dte wie Siena und Pisa, die Bezirke Vino Brunello di Montalcino und Morellino di Scansano und den Thermen von Venturina und Saturnia.<br \/>\nNaturliebhaber werden die Wege des Parks &#8222;Verbannen Scarlino&#8220; mit Wander genie\u00dfen und Reiten im Meer, w\u00e4hrend die Biker sich entlang der Wege, bekannt geworden durch &#8222;Superenduro&#8220; von Punta Ala und der Enduro Weltmeisterschaft zu fr\u00f6nen , wahre Symbole f\u00fcr Fans von MTB, leicht mit dem Fahrrad direkt von der Firma zu erreichen.<\/p>\n<p>Im Golf von Follonica, ist Cala Violina, die Reserve von Verbannen Scarlino zwischen einer Reihe von kleinen Schluchten.<br \/>\nDer Strand von Cala Violina wurde auf Platz eins der drei sch\u00f6nsten und unber\u00fchrtesten Str\u00e4nde Italiens.<br \/>\nCala Violina hat seinen Namen von einer Eigenschaft des Sandes, zu Fu\u00df \u00fcber ihm das Gef\u00fchl vermittelt der &#8222;Klang einer Geige.&#8220; Der Strand f\u00e4llt flach ins Meer mit einer Kulisse aus wei\u00dfen Sand, klares Wasser und blauer ist reich an Fisch und, direkt an den Ufern, mit der schwimmenden See, B\u00e4nke heben Posidonie Ozean. Hinter dem Streifen des Strandes, ist die dicke Holz, das nur wenige Meter vom Wasser des Mittelmeers geht.<\/p>\n\n<\/div>\n\n<div class=\"grid__item two-twelfths palm-one-whole \">\n\n<div style=\"text-align: center;\"><a href=\"https:\/\/www.banchella.com\/wp-content\/uploads\/2015\/01\/cala_violina_2.jpg\"><img decoding=\"async\" loading=\"lazy\" class=\"alignnone size-medium wp-image-783\" src=\"https:\/\/www.banchella.com\/wp-content\/uploads\/2015\/01\/cala_violina_2-300x200.jpg\" alt=\"cala_violina_2\" width=\"300\" height=\"200\" srcset=\"https:\/\/www.banchella.com\/wp-content\/uploads\/2015\/01\/cala_violina_2-300x200.jpg 300w, https:\/\/www.banchella.com\/wp-content\/uploads\/2015\/01\/cala_violina_2-1024x682.jpg 1024w, https:\/\/www.banchella.com\/wp-content\/uploads\/2015\/01\/cala_violina_2-2048x1365.jpg 2048w, https:\/\/www.banchella.com\/wp-content\/uploads\/2015\/01\/cala_violina_2-1200x800.jpg 1200w, https:\/\/www.banchella.com\/wp-content\/uploads\/2015\/01\/cala_violina_2-900x600.jpg 900w, https:\/\/www.banchella.com\/wp-content\/uploads\/2015\/01\/cala_violina_2-400x267.jpg 400w\" sizes=\"(max-width: 300px) 100vw, 300px\" \/><\/a><\/div>\n<p>&nbsp;<\/p>\n<div style=\"text-align: center;\"><a href=\"https:\/\/www.banchella.com\/wp-content\/uploads\/2015\/01\/cala_violina.jpg\"><img decoding=\"async\" loading=\"lazy\" class=\"alignnone size-medium wp-image-782\" src=\"https:\/\/www.banchella.com\/wp-content\/uploads\/2015\/01\/cala_violina-300x225.jpg\" alt=\"cala_violina\" width=\"300\" height=\"225\" srcset=\"https:\/\/www.banchella.com\/wp-content\/uploads\/2015\/01\/cala_violina-300x225.jpg 300w, https:\/\/www.banchella.com\/wp-content\/uploads\/2015\/01\/cala_violina-1024x768.jpg 1024w, https:\/\/www.banchella.com\/wp-content\/uploads\/2015\/01\/cala_violina-1200x901.jpg 1200w, https:\/\/www.banchella.com\/wp-content\/uploads\/2015\/01\/cala_violina-900x675.jpg 900w, https:\/\/www.banchella.com\/wp-content\/uploads\/2015\/01\/cala_violina-400x300.jpg 400w, https:\/\/www.banchella.com\/wp-content\/uploads\/2015\/01\/cala_violina.jpg 1599w\" sizes=\"(max-width: 300px) 100vw, 300px\" \/><\/a><\/div>\n\n<\/div>\n<div class=\"grid__item two-twelfths palm-one-whole \">\n\n<div style=\"text-align: center;\"><a href=\"https:\/\/www.banchella.com\/wp-content\/uploads\/2015\/01\/cala_violilna.jpg\"><img decoding=\"async\" loading=\"lazy\" class=\"alignnone size-medium wp-image-781\" src=\"https:\/\/www.banchella.com\/wp-content\/uploads\/2015\/01\/cala_violilna-300x199.jpg\" alt=\"cala_violilna\" width=\"300\" height=\"199\" srcset=\"https:\/\/www.banchella.com\/wp-content\/uploads\/2015\/01\/cala_violilna-300x199.jpg 300w, https:\/\/www.banchella.com\/wp-content\/uploads\/2015\/01\/cala_violilna-1024x681.jpg 1024w, https:\/\/www.banchella.com\/wp-content\/uploads\/2015\/01\/cala_violilna-2048x1361.jpg 2048w, https:\/\/www.banchella.com\/wp-content\/uploads\/2015\/01\/cala_violilna-1200x798.jpg 1200w, https:\/\/www.banchella.com\/wp-content\/uploads\/2015\/01\/cala_violilna-900x598.jpg 900w, https:\/\/www.banchella.com\/wp-content\/uploads\/2015\/01\/cala_violilna-400x266.jpg 400w\" sizes=\"(max-width: 300px) 100vw, 300px\" \/><\/a><\/div>\n<p>&nbsp;<\/p>\n<div style=\"text-align: center;\"><a href=\"https:\/\/www.banchella.com\/wp-content\/uploads\/2015\/01\/banchella_calaviolina_006_jpg.jpg\"><img decoding=\"async\" loading=\"lazy\" class=\"alignnone size-medium wp-image-734\" src=\"https:\/\/www.banchella.com\/wp-content\/uploads\/2015\/01\/banchella_calaviolina_006_jpg-300x225.jpg\" alt=\"banchella_calaviolina_006_jpg\" width=\"300\" height=\"225\" srcset=\"https:\/\/www.banchella.com\/wp-content\/uploads\/2015\/01\/banchella_calaviolina_006_jpg-300x225.jpg 300w, https:\/\/www.banchella.com\/wp-content\/uploads\/2015\/01\/banchella_calaviolina_006_jpg.jpg 1024w, https:\/\/www.banchella.com\/wp-content\/uploads\/2015\/01\/banchella_calaviolina_006_jpg-900x675.jpg 900w, https:\/\/www.banchella.com\/wp-content\/uploads\/2015\/01\/banchella_calaviolina_006_jpg-400x300.jpg 400w\" sizes=\"(max-width: 300px) 100vw, 300px\" \/><\/a><\/div>\n\n<\/div>\n\n\n<\/div>\n\n","protected":false},"excerpt":{"rendered":"","protected":false},"author":1,"featured_media":0,"parent":0,"menu_order":0,"comment_status":"closed","ping_status":"closed","template":"page-templates\/slideshow.php","meta":{"_expiration-date-status":"saved","_expiration-date":0,"_expiration-date-type":"","_expiration-date-categories":[],"_expiration-date-options":[]},"yoast_head":"<!-- This site is optimized with the Yoast SEO plugin v20.1 - https:\/\/yoast.com\/wordpress\/plugins\/seo\/ -->\n<title>Bauernhof Cala Violina: Bauernhof La Cala Violina Banchella<\/title>\n<meta name=\"description\" content=\"Der Bauernhof Der Banchella ist ein wirklich in Familienbesitz und Management im Herzen der Toskana in Scarlino den Golf von Follonica vor der Insel Elba entfernt. Nah am Meer, nur drei Kilometer, und dem ber\u00fchmten Strand von Cala Violina\" \/>\n<meta name=\"robots\" content=\"index, follow, max-snippet:-1, max-image-preview:large, max-video-preview:-1\" \/>\n<meta property=\"og:locale\" content=\"de_DE\" \/>\n<meta property=\"og:type\" content=\"article\" \/>\n<meta property=\"og:title\" content=\"Bauernhof Cala Violina: Bauernhof La Cala Violina Banchella\" \/>\n<meta property=\"og:description\" content=\"Der Bauernhof Der Banchella ist ein wirklich in Familienbesitz und Management im Herzen der Toskana in Scarlino den Golf von Follonica vor der Insel Elba entfernt. Nah am Meer, nur drei Kilometer, und dem ber\u00fchmten Strand von Cala Violina\" \/>\n<meta property=\"og:url\" content=\"https:\/\/www.banchella.com\/de\/bauernhof-cala-violinacala\/\" \/>\n<meta property=\"og:site_name\" content=\"Banchella\" \/>\n<meta property=\"article:modified_time\" content=\"2020-01-22T15:33:56+00:00\" \/>\n<meta property=\"og:image\" content=\"https:\/\/www.banchella.com\/wp-content\/uploads\/2015\/01\/cala_violina_2-300x200.jpg\" \/>\n<meta name=\"twitter:label1\" content=\"Gesch\u00e4tzte Lesezeit\" \/>\n\t<meta name=\"twitter:data1\" content=\"2\u00a0Minuten\" \/>\n<script type=\"application\/ld+json\" class=\"yoast-schema-graph\">{\"@context\":\"https:\/\/schema.org\",\"@graph\":[{\"@type\":\"WebPage\",\"@id\":\"https:\/\/www.banchella.com\/de\/bauernhof-cala-violinacala\/\",\"url\":\"https:\/\/www.banchella.com\/de\/bauernhof-cala-violinacala\/\",\"name\":\"Bauernhof Cala Violina: Bauernhof La Cala Violina Banchella\",\"isPartOf\":{\"@id\":\"https:\/\/www.banchella.com\/#website\"},\"datePublished\":\"2015-01-29T08:18:01+00:00\",\"dateModified\":\"2020-01-22T15:33:56+00:00\",\"description\":\"Der Bauernhof Der Banchella ist ein wirklich in Familienbesitz und Management im Herzen der Toskana in Scarlino den Golf von Follonica vor der Insel Elba entfernt. Nah am Meer, nur drei Kilometer, und dem ber\u00fchmten Strand von Cala Violina\",\"breadcrumb\":{\"@id\":\"https:\/\/www.banchella.com\/de\/bauernhof-cala-violinacala\/#breadcrumb\"},\"inLanguage\":\"de\",\"potentialAction\":[{\"@type\":\"ReadAction\",\"target\":[\"https:\/\/www.banchella.com\/de\/bauernhof-cala-violinacala\/\"]}]},{\"@type\":\"BreadcrumbList\",\"@id\":\"https:\/\/www.banchella.com\/de\/bauernhof-cala-violinacala\/#breadcrumb\",\"itemListElement\":[{\"@type\":\"ListItem\",\"position\":1,\"name\":\"Home\",\"item\":\"https:\/\/www.banchella.com\/de\/\"},{\"@type\":\"ListItem\",\"position\":2,\"name\":\"Bauernhof Cala Violina\"}]},{\"@type\":\"WebSite\",\"@id\":\"https:\/\/www.banchella.com\/#website\",\"url\":\"https:\/\/www.banchella.com\/\",\"name\":\"Banchella\",\"description\":\"Agriturismo a Scarlino\",\"potentialAction\":[{\"@type\":\"SearchAction\",\"target\":{\"@type\":\"EntryPoint\",\"urlTemplate\":\"https:\/\/www.banchella.com\/?s={search_term_string}\"},\"query-input\":\"required name=search_term_string\"}],\"inLanguage\":\"de\"}]}<\/script>\n<!-- \/ Yoast SEO plugin. -->","yoast_head_json":{"title":"Bauernhof Cala Violina: Bauernhof La Cala Violina Banchella","description":"Der Bauernhof Der Banchella ist ein wirklich in Familienbesitz und Management im Herzen der Toskana in Scarlino den Golf von Follonica vor der Insel Elba entfernt. Nah am Meer, nur drei Kilometer, und dem ber\u00fchmten Strand von Cala Violina","robots":{"index":"index","follow":"follow","max-snippet":"max-snippet:-1","max-image-preview":"max-image-preview:large","max-video-preview":"max-video-preview:-1"},"og_locale":"de_DE","og_type":"article","og_title":"Bauernhof Cala Violina: Bauernhof La Cala Violina Banchella","og_description":"Der Bauernhof Der Banchella ist ein wirklich in Familienbesitz und Management im Herzen der Toskana in Scarlino den Golf von Follonica vor der Insel Elba entfernt. Nah am Meer, nur drei Kilometer, und dem ber\u00fchmten Strand von Cala Violina","og_url":"https:\/\/www.banchella.com\/de\/bauernhof-cala-violinacala\/","og_site_name":"Banchella","article_modified_time":"2020-01-22T15:33:56+00:00","og_image":[{"url":"https:\/\/www.banchella.com\/wp-content\/uploads\/2015\/01\/cala_violina_2-300x200.jpg"}],"twitter_misc":{"Gesch\u00e4tzte Lesezeit":"2\u00a0Minuten"},"schema":{"@context":"https:\/\/schema.org","@graph":[{"@type":"WebPage","@id":"https:\/\/www.banchella.com\/de\/bauernhof-cala-violinacala\/","url":"https:\/\/www.banchella.com\/de\/bauernhof-cala-violinacala\/","name":"Bauernhof Cala Violina: Bauernhof La Cala Violina Banchella","isPartOf":{"@id":"https:\/\/www.banchella.com\/#website"},"datePublished":"2015-01-29T08:18:01+00:00","dateModified":"2020-01-22T15:33:56+00:00","description":"Der Bauernhof Der Banchella ist ein wirklich in Familienbesitz und Management im Herzen der Toskana in Scarlino den Golf von Follonica vor der Insel Elba entfernt. Nah am Meer, nur drei Kilometer, und dem ber\u00fchmten Strand von Cala Violina","breadcrumb":{"@id":"https:\/\/www.banchella.com\/de\/bauernhof-cala-violinacala\/#breadcrumb"},"inLanguage":"de","potentialAction":[{"@type":"ReadAction","target":["https:\/\/www.banchella.com\/de\/bauernhof-cala-violinacala\/"]}]},{"@type":"BreadcrumbList","@id":"https:\/\/www.banchella.com\/de\/bauernhof-cala-violinacala\/#breadcrumb","itemListElement":[{"@type":"ListItem","position":1,"name":"Home","item":"https:\/\/www.banchella.com\/de\/"},{"@type":"ListItem","position":2,"name":"Bauernhof Cala Violina"}]},{"@type":"WebSite","@id":"https:\/\/www.banchella.com\/#website","url":"https:\/\/www.banchella.com\/","name":"Banchella","description":"Agriturismo a Scarlino","potentialAction":[{"@type":"SearchAction","target":{"@type":"EntryPoint","urlTemplate":"https:\/\/www.banchella.com\/?s={search_term_string}"},"query-input":"required name=search_term_string"}],"inLanguage":"de"}]}},"_links":{"self":[{"href":"https:\/\/www.banchella.com\/de\/wp-json\/wp\/v2\/pages\/1230"}],"collection":[{"href":"https:\/\/www.banchella.com\/de\/wp-json\/wp\/v2\/pages"}],"about":[{"href":"https:\/\/www.banchella.com\/de\/wp-json\/wp\/v2\/types\/page"}],"author":[{"embeddable":true,"href":"https:\/\/www.banchella.com\/de\/wp-json\/wp\/v2\/users\/1"}],"replies":[{"embeddable":true,"href":"https:\/\/www.banchella.com\/de\/wp-json\/wp\/v2\/comments?post=1230"}],"version-history":[{"count":0,"href":"https:\/\/www.banchella.com\/de\/wp-json\/wp\/v2\/pages\/1230\/revisions"}],"wp:attachment":[{"href":"https:\/\/www.banchella.com\/de\/wp-json\/wp\/v2\/media?parent=1230"}],"curies":[{"name":"wp","href":"https:\/\/api.w.org\/{rel}","templated":true}]}}