{"id":1232,"date":"2015-01-29T08:45:31","date_gmt":"2015-01-29T08:45:31","guid":{"rendered":"http:\/\/provawp3.piramedia.it\/camere-scarlino-2\/"},"modified":"2022-01-04T08:52:52","modified_gmt":"2022-01-04T08:52:52","slug":"zimmer-toskana-meer","status":"publish","type":"page","link":"https:\/\/www.banchella.com\/de\/zimmer-toskana-meer\/","title":{"rendered":"Zimmer Toskana Meer"},"content":{"rendered":"<div class=\"pixcode  pixcode--grid  grid  \">\n\n<div class=\"grid__item eight-twelfths palm-one-whole island\">\n\n<hgroup class=\"pixcode  pixcode--heading article__headline\">\n\t<h2 class=\"headline__secondary\"><span class=\"first-letter\">Z<\/span>immer Toskana Meer<\/h2>\n\t<h1 class=\"headline__primary\"><\/h1>\n<\/hgroup>\n<div class=\"pixcode  pixcode--separator  separator separator--line-flower separator_color--color\">\n<div class=\"line  line--left\"><\/div>\n<div class=\"line  line--right\"><\/div>\n<div class=\"star\">&#10043;<\/div>\n<div class=\"arrows\">\n<div class=\"arrow arrow--left\"><\/div>\n<div class=\"arrow arrow--right\"><\/div>\n<\/div>\n<\/div>\n\n<p>Verf\u00fcgbare Doppelzimmer mit eigenem Zugang zum Garten, LED-Fernseher K\u00fchlschrank und Klimaanlage.<\/p>\n<p>Unter einer gro\u00dfen Veranda ist der Gemeinschaftsraum (mit WI-FI), wo auf Anfrage das Fr\u00fchst\u00fcck mit hausgemachten Kuchen, Obst und lokalen Produkten serviert.<\/p>\n<p>F\u00fcr die ultimative Entspannung, in einer privaten Ecke und gr\u00fcn, k\u00f6nnen Sie den sch\u00f6nen Swimmingpool mit Salzwasser zu genie\u00dfen und mit einem Jacuzzi ausgestattet Abschnitt k\u00f6nnen. Die Sonnenterrasse, die sie umgibt ist der ideale Platz f\u00fcr intensive und angenehme Momente der Ruhe.<\/p>\n\n<\/div>\n\n<div class=\"grid__item two-twelfths palm-one-whole \">\n\n<div style=\"text-align: center;\"><\/div>\n<p>&nbsp;<\/p>\n<div style=\"text-align: center;\"><a href=\"https:\/\/www.banchella.com\/wp-content\/uploads\/2022\/01\/r2b04265-hdr.jpg\"><img decoding=\"async\" loading=\"lazy\" class=\"alignnone wp-image-6166 size-medium\" src=\"https:\/\/www.banchella.com\/wp-content\/uploads\/2022\/01\/r2b04265-hdr-300x200.jpg\" alt=\"\" width=\"300\" height=\"200\" srcset=\"https:\/\/www.banchella.com\/wp-content\/uploads\/2022\/01\/r2b04265-hdr-300x200.jpg 300w, https:\/\/www.banchella.com\/wp-content\/uploads\/2022\/01\/r2b04265-hdr-1024x683.jpg 1024w, https:\/\/www.banchella.com\/wp-content\/uploads\/2022\/01\/r2b04265-hdr-768x512.jpg 768w, https:\/\/www.banchella.com\/wp-content\/uploads\/2022\/01\/r2b04265-hdr-1536x1025.jpg 1536w, https:\/\/www.banchella.com\/wp-content\/uploads\/2022\/01\/r2b04265-hdr-1200x801.jpg 1200w, https:\/\/www.banchella.com\/wp-content\/uploads\/2022\/01\/r2b04265-hdr-900x600.jpg 900w, https:\/\/www.banchella.com\/wp-content\/uploads\/2022\/01\/r2b04265-hdr-400x267.jpg 400w, https:\/\/www.banchella.com\/wp-content\/uploads\/2022\/01\/r2b04265-hdr.jpg 1920w\" sizes=\"(max-width: 300px) 100vw, 300px\" \/><\/a><\/div>\n<p>&nbsp;<\/p>\n<div style=\"text-align: center;\"><a href=\"https:\/\/www.banchella.com\/wp-content\/uploads\/2015\/01\/dsc_0126.jpg\"><img decoding=\"async\" loading=\"lazy\" class=\"alignnone size-medium wp-image-1538\" src=\"https:\/\/www.banchella.com\/wp-content\/uploads\/2015\/01\/dsc_0126-300x200.jpg\" alt=\"DSC_0126\" width=\"300\" height=\"200\" srcset=\"https:\/\/www.banchella.com\/wp-content\/uploads\/2015\/01\/dsc_0126-300x200.jpg 300w, https:\/\/www.banchella.com\/wp-content\/uploads\/2015\/01\/dsc_0126-1024x683.jpg 1024w, https:\/\/www.banchella.com\/wp-content\/uploads\/2015\/01\/dsc_0126-2048x1365.jpg 2048w, https:\/\/www.banchella.com\/wp-content\/uploads\/2015\/01\/dsc_0126-1200x800.jpg 1200w, https:\/\/www.banchella.com\/wp-content\/uploads\/2015\/01\/dsc_0126-900x600.jpg 900w, https:\/\/www.banchella.com\/wp-content\/uploads\/2015\/01\/dsc_0126-400x267.jpg 400w, https:\/\/www.banchella.com\/wp-content\/uploads\/2015\/01\/dsc_0126.jpg 1920w\" sizes=\"(max-width: 300px) 100vw, 300px\" \/><\/a><\/div>\n<p>&nbsp;<\/p>\n<div style=\"text-align: center;\"><a href=\"https:\/\/www.banchella.com\/wp-content\/uploads\/2015\/01\/dsc_0128.jpg\"><img decoding=\"async\" loading=\"lazy\" class=\"alignnone size-medium wp-image-1541\" src=\"https:\/\/www.banchella.com\/wp-content\/uploads\/2015\/01\/dsc_0128-200x300.jpg\" alt=\"DSC_0128\" width=\"200\" height=\"300\" srcset=\"https:\/\/www.banchella.com\/wp-content\/uploads\/2015\/01\/dsc_0128-200x300.jpg 200w, https:\/\/www.banchella.com\/wp-content\/uploads\/2015\/01\/dsc_0128-683x1024.jpg 683w, https:\/\/www.banchella.com\/wp-content\/uploads\/2015\/01\/dsc_0128-2048x3072.jpg 2048w, https:\/\/www.banchella.com\/wp-content\/uploads\/2015\/01\/dsc_0128-1200x1800.jpg 1200w, https:\/\/www.banchella.com\/wp-content\/uploads\/2015\/01\/dsc_0128-900x1350.jpg 900w, https:\/\/www.banchella.com\/wp-content\/uploads\/2015\/01\/dsc_0128-400x600.jpg 400w, https:\/\/www.banchella.com\/wp-content\/uploads\/2015\/01\/dsc_0128.jpg 1280w\" sizes=\"(max-width: 200px) 100vw, 200px\" \/><\/a><\/div>\n<p>&nbsp;<\/p>\n<div style=\"text-align: center;\"><a href=\"https:\/\/www.banchella.com\/wp-content\/uploads\/2015\/01\/dsc_0130.jpg\"><img decoding=\"async\" loading=\"lazy\" class=\"alignnone size-medium wp-image-1544\" src=\"https:\/\/www.banchella.com\/wp-content\/uploads\/2015\/01\/dsc_0130-300x200.jpg\" alt=\"DSC_0130\" width=\"300\" height=\"200\" srcset=\"https:\/\/www.banchella.com\/wp-content\/uploads\/2015\/01\/dsc_0130-300x200.jpg 300w, https:\/\/www.banchella.com\/wp-content\/uploads\/2015\/01\/dsc_0130-1024x683.jpg 1024w, https:\/\/www.banchella.com\/wp-content\/uploads\/2015\/01\/dsc_0130-2048x1365.jpg 2048w, https:\/\/www.banchella.com\/wp-content\/uploads\/2015\/01\/dsc_0130-1200x800.jpg 1200w, https:\/\/www.banchella.com\/wp-content\/uploads\/2015\/01\/dsc_0130-900x600.jpg 900w, https:\/\/www.banchella.com\/wp-content\/uploads\/2015\/01\/dsc_0130-400x267.jpg 400w, https:\/\/www.banchella.com\/wp-content\/uploads\/2015\/01\/dsc_0130.jpg 1920w\" sizes=\"(max-width: 300px) 100vw, 300px\" \/><\/a><\/div>\n<p>&nbsp;<\/p>\n<div style=\"text-align: center;\"><a href=\"https:\/\/www.banchella.com\/wp-content\/uploads\/2015\/01\/immagine-001.jpg\"><img decoding=\"async\" loading=\"lazy\" class=\"alignnone size-medium wp-image-1547\" src=\"https:\/\/www.banchella.com\/wp-content\/uploads\/2015\/01\/immagine-001-300x200.jpg\" alt=\"Immagine 001\" width=\"300\" height=\"200\" srcset=\"https:\/\/www.banchella.com\/wp-content\/uploads\/2015\/01\/immagine-001-300x200.jpg 300w, https:\/\/www.banchella.com\/wp-content\/uploads\/2015\/01\/immagine-001-1024x683.jpg 1024w, https:\/\/www.banchella.com\/wp-content\/uploads\/2015\/01\/immagine-001-2048x1365.jpg 2048w, https:\/\/www.banchella.com\/wp-content\/uploads\/2015\/01\/immagine-001-1200x800.jpg 1200w, https:\/\/www.banchella.com\/wp-content\/uploads\/2015\/01\/immagine-001-900x600.jpg 900w, https:\/\/www.banchella.com\/wp-content\/uploads\/2015\/01\/immagine-001-400x267.jpg 400w, https:\/\/www.banchella.com\/wp-content\/uploads\/2015\/01\/immagine-001.jpg 1920w\" sizes=\"(max-width: 300px) 100vw, 300px\" \/><\/a><\/div>\n<p>&nbsp;<\/p>\n<div style=\"text-align: center;\"><a href=\"https:\/\/www.banchella.com\/wp-content\/uploads\/2015\/01\/immagine-002.jpg\"><img decoding=\"async\" loading=\"lazy\" class=\"alignnone size-medium wp-image-1550\" src=\"https:\/\/www.banchella.com\/wp-content\/uploads\/2015\/01\/immagine-002-300x200.jpg\" alt=\"Immagine 002\" width=\"300\" height=\"200\" srcset=\"https:\/\/www.banchella.com\/wp-content\/uploads\/2015\/01\/immagine-002-300x200.jpg 300w, https:\/\/www.banchella.com\/wp-content\/uploads\/2015\/01\/immagine-002-1024x683.jpg 1024w, https:\/\/www.banchella.com\/wp-content\/uploads\/2015\/01\/immagine-002-2048x1365.jpg 2048w, https:\/\/www.banchella.com\/wp-content\/uploads\/2015\/01\/immagine-002-1200x800.jpg 1200w, https:\/\/www.banchella.com\/wp-content\/uploads\/2015\/01\/immagine-002-900x600.jpg 900w, https:\/\/www.banchella.com\/wp-content\/uploads\/2015\/01\/immagine-002-400x267.jpg 400w, https:\/\/www.banchella.com\/wp-content\/uploads\/2015\/01\/immagine-002.jpg 1920w\" sizes=\"(max-width: 300px) 100vw, 300px\" \/><\/a><\/div>\n\n<\/div>\n<div class=\"grid__item two-twelfths palm-one-whole \">\n\n<div style=\"text-align: center;\"><a href=\"https:\/\/www.banchella.com\/wp-content\/uploads\/2022\/01\/r2b04346.jpg\"><img decoding=\"async\" loading=\"lazy\" class=\"alignnone wp-image-6172 size-medium\" src=\"https:\/\/www.banchella.com\/wp-content\/uploads\/2022\/01\/r2b04346-300x200.jpg\" alt=\"\" width=\"300\" height=\"200\" srcset=\"https:\/\/www.banchella.com\/wp-content\/uploads\/2022\/01\/r2b04346-300x200.jpg 300w, https:\/\/www.banchella.com\/wp-content\/uploads\/2022\/01\/r2b04346-1024x683.jpg 1024w, https:\/\/www.banchella.com\/wp-content\/uploads\/2022\/01\/r2b04346-768x512.jpg 768w, https:\/\/www.banchella.com\/wp-content\/uploads\/2022\/01\/r2b04346-1536x1025.jpg 1536w, https:\/\/www.banchella.com\/wp-content\/uploads\/2022\/01\/r2b04346-1200x801.jpg 1200w, https:\/\/www.banchella.com\/wp-content\/uploads\/2022\/01\/r2b04346-900x600.jpg 900w, https:\/\/www.banchella.com\/wp-content\/uploads\/2022\/01\/r2b04346-400x267.jpg 400w, https:\/\/www.banchella.com\/wp-content\/uploads\/2022\/01\/r2b04346.jpg 1920w\" sizes=\"(max-width: 300px) 100vw, 300px\" \/><\/a><\/div>\n<p>&nbsp;<\/p>\n<div style=\"text-align: center;\"><a href=\"https:\/\/www.banchella.com\/wp-content\/uploads\/2022\/01\/r2b04356.jpg\"><img decoding=\"async\" loading=\"lazy\" class=\"alignnone wp-image-6175 size-medium\" src=\"https:\/\/www.banchella.com\/wp-content\/uploads\/2022\/01\/r2b04356-300x200.jpg\" alt=\"\" width=\"300\" height=\"200\" srcset=\"https:\/\/www.banchella.com\/wp-content\/uploads\/2022\/01\/r2b04356-300x200.jpg 300w, https:\/\/www.banchella.com\/wp-content\/uploads\/2022\/01\/r2b04356-1024x683.jpg 1024w, https:\/\/www.banchella.com\/wp-content\/uploads\/2022\/01\/r2b04356-768x512.jpg 768w, https:\/\/www.banchella.com\/wp-content\/uploads\/2022\/01\/r2b04356-1536x1025.jpg 1536w, https:\/\/www.banchella.com\/wp-content\/uploads\/2022\/01\/r2b04356-1200x801.jpg 1200w, https:\/\/www.banchella.com\/wp-content\/uploads\/2022\/01\/r2b04356-900x600.jpg 900w, https:\/\/www.banchella.com\/wp-content\/uploads\/2022\/01\/r2b04356-400x267.jpg 400w, https:\/\/www.banchella.com\/wp-content\/uploads\/2022\/01\/r2b04356.jpg 1920w\" sizes=\"(max-width: 300px) 100vw, 300px\" \/><\/a><\/div>\n<p>&nbsp;<\/p>\n<div style=\"text-align: center;\"><a href=\"https:\/\/www.banchella.com\/wp-content\/uploads\/2022\/01\/r2b04360.jpg\"><img decoding=\"async\" loading=\"lazy\" class=\"alignnone wp-image-6178 size-medium\" src=\"https:\/\/www.banchella.com\/wp-content\/uploads\/2022\/01\/r2b04360-300x200.jpg\" alt=\"\" width=\"300\" height=\"200\" srcset=\"https:\/\/www.banchella.com\/wp-content\/uploads\/2022\/01\/r2b04360-300x200.jpg 300w, https:\/\/www.banchella.com\/wp-content\/uploads\/2022\/01\/r2b04360-1024x683.jpg 1024w, https:\/\/www.banchella.com\/wp-content\/uploads\/2022\/01\/r2b04360-768x512.jpg 768w, https:\/\/www.banchella.com\/wp-content\/uploads\/2022\/01\/r2b04360-1536x1025.jpg 1536w, https:\/\/www.banchella.com\/wp-content\/uploads\/2022\/01\/r2b04360-1200x801.jpg 1200w, https:\/\/www.banchella.com\/wp-content\/uploads\/2022\/01\/r2b04360-900x600.jpg 900w, https:\/\/www.banchella.com\/wp-content\/uploads\/2022\/01\/r2b04360-400x267.jpg 400w, https:\/\/www.banchella.com\/wp-content\/uploads\/2022\/01\/r2b04360.jpg 1920w\" sizes=\"(max-width: 300px) 100vw, 300px\" \/><\/a><\/div>\n<p>&nbsp;<\/p>\n<div style=\"text-align: center;\"><a href=\"https:\/\/www.banchella.com\/wp-content\/uploads\/2015\/01\/067.jpg\"><img decoding=\"async\" loading=\"lazy\" class=\"alignnone size-medium wp-image-1523\" src=\"https:\/\/www.banchella.com\/wp-content\/uploads\/2015\/01\/067-300x199.jpg\" alt=\"067\" width=\"300\" height=\"199\" srcset=\"https:\/\/www.banchella.com\/wp-content\/uploads\/2015\/01\/067-300x199.jpg 300w, https:\/\/www.banchella.com\/wp-content\/uploads\/2015\/01\/067-1024x681.jpg 1024w, https:\/\/www.banchella.com\/wp-content\/uploads\/2015\/01\/067-2048x1362.jpg 2048w, https:\/\/www.banchella.com\/wp-content\/uploads\/2015\/01\/067-1200x798.jpg 1200w, https:\/\/www.banchella.com\/wp-content\/uploads\/2015\/01\/067-900x598.jpg 900w, https:\/\/www.banchella.com\/wp-content\/uploads\/2015\/01\/067-400x266.jpg 400w\" sizes=\"(max-width: 300px) 100vw, 300px\" \/><\/a><\/div>\n<p>&nbsp;<\/p>\n<div style=\"text-align: center;\"><a href=\"https:\/\/www.banchella.com\/wp-content\/uploads\/2022\/01\/r2b04365.jpg\"><img decoding=\"async\" loading=\"lazy\" class=\"alignnone wp-image-6181 size-medium\" src=\"https:\/\/www.banchella.com\/wp-content\/uploads\/2022\/01\/r2b04365-300x200.jpg\" alt=\"\" width=\"300\" height=\"200\" srcset=\"https:\/\/www.banchella.com\/wp-content\/uploads\/2022\/01\/r2b04365-300x200.jpg 300w, https:\/\/www.banchella.com\/wp-content\/uploads\/2022\/01\/r2b04365-1024x683.jpg 1024w, https:\/\/www.banchella.com\/wp-content\/uploads\/2022\/01\/r2b04365-768x512.jpg 768w, https:\/\/www.banchella.com\/wp-content\/uploads\/2022\/01\/r2b04365-1536x1025.jpg 1536w, https:\/\/www.banchella.com\/wp-content\/uploads\/2022\/01\/r2b04365-1200x801.jpg 1200w, https:\/\/www.banchella.com\/wp-content\/uploads\/2022\/01\/r2b04365-900x600.jpg 900w, https:\/\/www.banchella.com\/wp-content\/uploads\/2022\/01\/r2b04365-400x267.jpg 400w, https:\/\/www.banchella.com\/wp-content\/uploads\/2022\/01\/r2b04365.jpg 1920w\" sizes=\"(max-width: 300px) 100vw, 300px\" \/><\/a><\/div>\n<p>&nbsp;<\/p>\n<div style=\"text-align: center;\"><a href=\"https:\/\/www.banchella.com\/wp-content\/uploads\/2015\/01\/054.jpg\"><img decoding=\"async\" loading=\"lazy\" class=\"alignnone size-medium wp-image-1517\" src=\"https:\/\/www.banchella.com\/wp-content\/uploads\/2015\/01\/054-199x300.jpg\" alt=\"054\" width=\"199\" height=\"300\" srcset=\"https:\/\/www.banchella.com\/wp-content\/uploads\/2015\/01\/054-199x300.jpg 199w, https:\/\/www.banchella.com\/wp-content\/uploads\/2015\/01\/054-681x1024.jpg 681w, https:\/\/www.banchella.com\/wp-content\/uploads\/2015\/01\/054-1200x1805.jpg 1200w, https:\/\/www.banchella.com\/wp-content\/uploads\/2015\/01\/054-900x1354.jpg 900w, https:\/\/www.banchella.com\/wp-content\/uploads\/2015\/01\/054-400x602.jpg 400w, https:\/\/www.banchella.com\/wp-content\/uploads\/2015\/01\/054.jpg 1277w\" sizes=\"(max-width: 199px) 100vw, 199px\" \/><\/a><\/div>\n<p>&nbsp;<\/p>\n<div style=\"text-align: center;\"><a href=\"https:\/\/www.banchella.com\/wp-content\/uploads\/2015\/01\/immagine-011.jpg\"><img decoding=\"async\" loading=\"lazy\" class=\"alignnone size-medium wp-image-1514\" src=\"https:\/\/www.banchella.com\/wp-content\/uploads\/2015\/01\/immagine-011-300x200.jpg\" alt=\"Immagine 011\" width=\"300\" height=\"200\" srcset=\"https:\/\/www.banchella.com\/wp-content\/uploads\/2015\/01\/immagine-011-300x200.jpg 300w, https:\/\/www.banchella.com\/wp-content\/uploads\/2015\/01\/immagine-011-1024x683.jpg 1024w, https:\/\/www.banchella.com\/wp-content\/uploads\/2015\/01\/immagine-011-2048x1365.jpg 2048w, https:\/\/www.banchella.com\/wp-content\/uploads\/2015\/01\/immagine-011-1200x800.jpg 1200w, https:\/\/www.banchella.com\/wp-content\/uploads\/2015\/01\/immagine-011-900x600.jpg 900w, https:\/\/www.banchella.com\/wp-content\/uploads\/2015\/01\/immagine-011-400x267.jpg 400w, https:\/\/www.banchella.com\/wp-content\/uploads\/2015\/01\/immagine-011.jpg 1920w\" sizes=\"(max-width: 300px) 100vw, 300px\" \/><\/a><\/div>\n<p>&nbsp;<\/p>\n<div style=\"text-align: center;\"><\/div>\n\n<\/div>\n\n\n<\/div>\n\n","protected":false},"excerpt":{"rendered":"","protected":false},"author":1,"featured_media":0,"parent":0,"menu_order":0,"comment_status":"closed","ping_status":"closed","template":"page-templates\/slideshow.php","meta":{"_expiration-date-status":"saved","_expiration-date":0,"_expiration-date-type":"","_expiration-date-categories":[],"_expiration-date-options":[]},"yoast_head":"<!-- This site is optimized with the Yoast SEO plugin v20.1 - https:\/\/yoast.com\/wordpress\/plugins\/seo\/ -->\n<title>Zimmer Toskana Meer: Bauernhof La Cala Violina Banchella<\/title>\n<meta name=\"description\" content=\"Zimmer Toskana Meer; Der Bauernhof Der Banchella ist ein wirklich in Familienbesitz und Management im Herzen der Toskana in Scarlino den Golf von Follonica vor der Insel Elba entfernt.\" \/>\n<meta name=\"robots\" content=\"index, follow, max-snippet:-1, max-image-preview:large, max-video-preview:-1\" \/>\n<meta property=\"og:locale\" content=\"de_DE\" \/>\n<meta property=\"og:type\" content=\"article\" \/>\n<meta property=\"og:title\" content=\"Zimmer Toskana Meer: Bauernhof La Cala Violina Banchella\" \/>\n<meta property=\"og:description\" content=\"Zimmer Toskana Meer; Der Bauernhof Der Banchella ist ein wirklich in Familienbesitz und Management im Herzen der Toskana in Scarlino den Golf von Follonica vor der Insel Elba entfernt.\" \/>\n<meta property=\"og:url\" content=\"https:\/\/www.banchella.com\/de\/zimmer-toskana-meer\/\" \/>\n<meta property=\"og:site_name\" content=\"Banchella\" \/>\n<meta property=\"article:modified_time\" content=\"2022-01-04T08:52:52+00:00\" \/>\n<meta property=\"og:image\" content=\"https:\/\/www.banchella.com\/wp-content\/uploads\/2022\/01\/r2b04265-hdr-300x200.jpg\" \/>\n<meta name=\"twitter:label1\" content=\"Gesch\u00e4tzte Lesezeit\" \/>\n\t<meta name=\"twitter:data1\" content=\"1\u00a0Minute\" \/>\n<script type=\"application\/ld+json\" class=\"yoast-schema-graph\">{\"@context\":\"https:\/\/schema.org\",\"@graph\":[{\"@type\":\"WebPage\",\"@id\":\"https:\/\/www.banchella.com\/de\/zimmer-toskana-meer\/\",\"url\":\"https:\/\/www.banchella.com\/de\/zimmer-toskana-meer\/\",\"name\":\"Zimmer Toskana Meer: Bauernhof La Cala Violina Banchella\",\"isPartOf\":{\"@id\":\"https:\/\/www.banchella.com\/#website\"},\"datePublished\":\"2015-01-29T08:45:31+00:00\",\"dateModified\":\"2022-01-04T08:52:52+00:00\",\"description\":\"Zimmer Toskana Meer; Der Bauernhof Der Banchella ist ein wirklich in Familienbesitz und Management im Herzen der Toskana in Scarlino den Golf von Follonica vor der Insel Elba entfernt.\",\"breadcrumb\":{\"@id\":\"https:\/\/www.banchella.com\/de\/zimmer-toskana-meer\/#breadcrumb\"},\"inLanguage\":\"de\",\"potentialAction\":[{\"@type\":\"ReadAction\",\"target\":[\"https:\/\/www.banchella.com\/de\/zimmer-toskana-meer\/\"]}]},{\"@type\":\"BreadcrumbList\",\"@id\":\"https:\/\/www.banchella.com\/de\/zimmer-toskana-meer\/#breadcrumb\",\"itemListElement\":[{\"@type\":\"ListItem\",\"position\":1,\"name\":\"Home\",\"item\":\"https:\/\/www.banchella.com\/de\/\"},{\"@type\":\"ListItem\",\"position\":2,\"name\":\"Zimmer Toskana Meer\"}]},{\"@type\":\"WebSite\",\"@id\":\"https:\/\/www.banchella.com\/#website\",\"url\":\"https:\/\/www.banchella.com\/\",\"name\":\"Banchella\",\"description\":\"Agriturismo a Scarlino\",\"potentialAction\":[{\"@type\":\"SearchAction\",\"target\":{\"@type\":\"EntryPoint\",\"urlTemplate\":\"https:\/\/www.banchella.com\/?s={search_term_string}\"},\"query-input\":\"required name=search_term_string\"}],\"inLanguage\":\"de\"}]}<\/script>\n<!-- \/ Yoast SEO plugin. -->","yoast_head_json":{"title":"Zimmer Toskana Meer: Bauernhof La Cala Violina Banchella","description":"Zimmer Toskana Meer; Der Bauernhof Der Banchella ist ein wirklich in Familienbesitz und Management im Herzen der Toskana in Scarlino den Golf von Follonica vor der Insel Elba entfernt.","robots":{"index":"index","follow":"follow","max-snippet":"max-snippet:-1","max-image-preview":"max-image-preview:large","max-video-preview":"max-video-preview:-1"},"og_locale":"de_DE","og_type":"article","og_title":"Zimmer Toskana Meer: Bauernhof La Cala Violina Banchella","og_description":"Zimmer Toskana Meer; Der Bauernhof Der Banchella ist ein wirklich in Familienbesitz und Management im Herzen der Toskana in Scarlino den Golf von Follonica vor der Insel Elba entfernt.","og_url":"https:\/\/www.banchella.com\/de\/zimmer-toskana-meer\/","og_site_name":"Banchella","article_modified_time":"2022-01-04T08:52:52+00:00","og_image":[{"url":"https:\/\/www.banchella.com\/wp-content\/uploads\/2022\/01\/r2b04265-hdr-300x200.jpg"}],"twitter_misc":{"Gesch\u00e4tzte Lesezeit":"1\u00a0Minute"},"schema":{"@context":"https:\/\/schema.org","@graph":[{"@type":"WebPage","@id":"https:\/\/www.banchella.com\/de\/zimmer-toskana-meer\/","url":"https:\/\/www.banchella.com\/de\/zimmer-toskana-meer\/","name":"Zimmer Toskana Meer: Bauernhof La Cala Violina Banchella","isPartOf":{"@id":"https:\/\/www.banchella.com\/#website"},"datePublished":"2015-01-29T08:45:31+00:00","dateModified":"2022-01-04T08:52:52+00:00","description":"Zimmer Toskana Meer; Der Bauernhof Der Banchella ist ein wirklich in Familienbesitz und Management im Herzen der Toskana in Scarlino den Golf von Follonica vor der Insel Elba entfernt.","breadcrumb":{"@id":"https:\/\/www.banchella.com\/de\/zimmer-toskana-meer\/#breadcrumb"},"inLanguage":"de","potentialAction":[{"@type":"ReadAction","target":["https:\/\/www.banchella.com\/de\/zimmer-toskana-meer\/"]}]},{"@type":"BreadcrumbList","@id":"https:\/\/www.banchella.com\/de\/zimmer-toskana-meer\/#breadcrumb","itemListElement":[{"@type":"ListItem","position":1,"name":"Home","item":"https:\/\/www.banchella.com\/de\/"},{"@type":"ListItem","position":2,"name":"Zimmer Toskana Meer"}]},{"@type":"WebSite","@id":"https:\/\/www.banchella.com\/#website","url":"https:\/\/www.banchella.com\/","name":"Banchella","description":"Agriturismo a Scarlino","potentialAction":[{"@type":"SearchAction","target":{"@type":"EntryPoint","urlTemplate":"https:\/\/www.banchella.com\/?s={search_term_string}"},"query-input":"required name=search_term_string"}],"inLanguage":"de"}]}},"_links":{"self":[{"href":"https:\/\/www.banchella.com\/de\/wp-json\/wp\/v2\/pages\/1232"}],"collection":[{"href":"https:\/\/www.banchella.com\/de\/wp-json\/wp\/v2\/pages"}],"about":[{"href":"https:\/\/www.banchella.com\/de\/wp-json\/wp\/v2\/types\/page"}],"author":[{"embeddable":true,"href":"https:\/\/www.banchella.com\/de\/wp-json\/wp\/v2\/users\/1"}],"replies":[{"embeddable":true,"href":"https:\/\/www.banchella.com\/de\/wp-json\/wp\/v2\/comments?post=1232"}],"version-history":[{"count":0,"href":"https:\/\/www.banchella.com\/de\/wp-json\/wp\/v2\/pages\/1232\/revisions"}],"wp:attachment":[{"href":"https:\/\/www.banchella.com\/de\/wp-json\/wp\/v2\/media?parent=1232"}],"curies":[{"name":"wp","href":"https:\/\/api.w.org\/{rel}","templated":true}]}}