{"id":1234,"date":"2014-05-30T14:17:08","date_gmt":"2014-05-30T14:17:08","guid":{"rendered":"http:\/\/provawp3.piramedia.it\/contatti-agriturismo-scarlino-2\/"},"modified":"2026-02-15T20:17:40","modified_gmt":"2026-02-15T20:17:40","slug":"kontakt-bauernhof-scarlino","status":"publish","type":"page","link":"https:\/\/www.banchella.com\/de\/kontakt-bauernhof-scarlino\/","title":{"rendered":"Kontakt Bauernhof Scarlino"},"content":{"rendered":"<div class=\"pixcode  pixcode--grid  grid  thick-gutter  \">\n<div class=\"grid__item six-twelfths palm-one-whole \">\n\n<h3 class=\"flush--top\">Adresse<\/h3>\n<p>Azienda AGRITURISTICA \u201cLA BANCHELLA\u201d di Mascagni Ilaria<br \/>\nPodere S. Luigi 58020 loc. Puntone \u2013 Scarlino (GR)<br \/>\nGPS-Koordinaten:\u00a0<span class=\"bloccotesto\">42.908720, 10.820556<br \/>\nEmail:\u00a0<a href=\"mailto:info@banchella.com?subject:Richiesta%20dal sito web\" target=\"_blank\" rel=\"noopener noreferrer\">info@banchella.com<\/a><br \/>\nMobile: +39 3393709192<br \/>\n<\/span><\/p>\n<p>CIN IT053024b5fu2vxvix<\/p>\n<p>Und \u00fcber den S.S. No. 1 neue Aurelia: Von Rom &#8211; Grosseto nach Gavorrano, Scarlino verlassen.<br \/>\nEntlang der SSn # 1 neue AURELIA: von Livorno nach Follonica Ausfahrt Scarlino,<br \/>\nWeiter indem Sie die Anweisungen f\u00fcr &#8222;Castiglione della Pescaia&#8220;; vorbei am Weiler &#8222;Scarlino Scalo&#8220; entlang einer geraden Strecke von ca. 3 km, an der Kreuzung rechts abbiegen (immer in Richtung &#8222;Castiglione della Pescaia&#8220; gehen) nach ca. 2 km finden Sie das Unternehmen auf der linken Seite.<\/p>\n<h3>Folgen Sie Uns<\/h3>\n<a class=\"pixcode-icon-link\"  href=\"https:\/\/www.facebook.com\/pages\/Agriturismo-La-Banchella\/163432633790905?fref=ts\"  target=\"_blank\" \"><i class=\"pixcode  pixcode--icon  icon-e-facebook  circle  medium  \"><\/i><\/a>\n\n<\/div>\n\n<div class=\"grid__item six-twelfths palm-one-whole \">\n\n<p class=\"ciccioretesto\">F\u00fcr Verf\u00fcgbarkeitsanfragen und weitere Informationen f\u00fcllen Sie bitte das folgende Formular aus, f\u00fcr Direktbuchungen <a href=\"https:\/\/www.banchella.com\/de\/online-buchen\/\">klicken Sie hier<\/a><\/p>\n\n<div class=\"wpcf7 no-js\" id=\"wpcf7-f1332-o1\" lang=\"en-US\" dir=\"ltr\">\n<div class=\"screen-reader-response\"><p role=\"status\" aria-live=\"polite\" aria-atomic=\"true\"><\/p> <ul><\/ul><\/div>\n<form action=\"\/de\/wp-json\/wp\/v2\/pages\/1234#wpcf7-f1332-o1\" method=\"post\" class=\"wpcf7-form init wpcf7-acceptance-as-validation\" aria-label=\"Contact form\" novalidate=\"novalidate\" data-status=\"init\">\n<div style=\"display: none;\">\n<input type=\"hidden\" name=\"_wpcf7\" value=\"1332\" \/>\n<input type=\"hidden\" name=\"_wpcf7_version\" value=\"5.7.4\" \/>\n<input type=\"hidden\" name=\"_wpcf7_locale\" value=\"en_US\" \/>\n<input type=\"hidden\" name=\"_wpcf7_unit_tag\" value=\"wpcf7-f1332-o1\" \/>\n<input type=\"hidden\" name=\"_wpcf7_container_post\" value=\"0\" \/>\n<input type=\"hidden\" name=\"_wpcf7_posted_data_hash\" value=\"\" \/>\n<input type=\"hidden\" name=\"_wpcf7_recaptcha_response\" value=\"\" \/>\n<\/div>\n<div class=\"grid pixcode--grid\">\n\t<div class=\"grid__item  six-twelfths palm-one-whole\">\n\t\t<p><span class=\"wpcf7-form-control-wrap\" data-name=\"your-name\"><input size=\"40\" class=\"wpcf7-form-control wpcf7-text wpcf7-validates-as-required\" aria-required=\"true\" aria-invalid=\"false\" placeholder=\"Vorname\" value=\"\" type=\"text\" name=\"your-name\" \/><\/span>\n\t\t<\/p>\n\t<\/div>\n\t<div class=\"grid__item  six-twelfths palm-one-whole\">\n\t\t<p><span class=\"wpcf7-form-control-wrap\" data-name=\"last-name\"><input size=\"40\" class=\"wpcf7-form-control wpcf7-text wpcf7-validates-as-required\" aria-required=\"true\" aria-invalid=\"false\" placeholder=\"Nachname\" value=\"\" type=\"text\" name=\"last-name\" \/><\/span>\n\t\t<\/p>\n\t<\/div>\n<\/div>\n<p><span class=\"wpcf7-form-control-wrap\" data-name=\"your-email\"><input size=\"40\" class=\"wpcf7-form-control wpcf7-text wpcf7-email wpcf7-validates-as-required wpcf7-validates-as-email\" aria-required=\"true\" aria-invalid=\"false\" placeholder=\"Email\" value=\"\" type=\"email\" name=\"your-email\" \/><\/span><span class=\"wpcf7-form-control-wrap\" data-name=\"your-message\"><textarea cols=\"40\" rows=\"10\" class=\"wpcf7-form-control wpcf7-textarea\" aria-invalid=\"false\" placeholder=\"Nachricht\" name=\"your-message\"><\/textarea><\/span><br \/>\n<span class=\"wpcf7-form-control-wrap\" data-name=\"acceptance-519\"><span class=\"wpcf7-form-control wpcf7-acceptance\"><span class=\"wpcf7-list-item\"><label><input type=\"checkbox\" name=\"acceptance-519\" value=\"1\" aria-invalid=\"false\" \/><span class=\"wpcf7-list-item-label\">Ich erm\u00e4chtige die Website, meine Daten zu verwalten, um auf meine Anfrage zu antworten. Die Daten werden m\u00f6glicherweise auf dieser Website gespeichert, k\u00f6nnen aber m\u00f6glicherweise wie auf der Seite <a href=\"\/privacy\/\"> Datenschutz <\/a> beschrieben gel\u00f6scht werden<\/span><\/label><\/span><\/span><\/span><br \/>\n<input class=\"wpcf7-form-control has-spinner wpcf7-submit\" type=\"submit\" value=\"Zukommen Lassen\" \/>\n<\/p><div class=\"wpcf7-response-output\" aria-hidden=\"true\"><\/div>\n<\/form>\n<\/div>\n\n\n<\/div>\n\n\n<\/div>\n\n","protected":false},"excerpt":{"rendered":"","protected":false},"author":1,"featured_media":1048,"parent":0,"menu_order":0,"comment_status":"closed","ping_status":"closed","template":"page-templates\/contact.php","meta":{"_expiration-date-status":"saved","_expiration-date":0,"_expiration-date-type":"","_expiration-date-categories":[],"_expiration-date-options":[]},"yoast_head":"<!-- This site is optimized with the Yoast SEO plugin v20.1 - https:\/\/yoast.com\/wordpress\/plugins\/seo\/ -->\n<title>Kontakt Bauernhof Scarlino: Bauernhof Banchella<\/title>\n<meta name=\"description\" content=\"Kontakt Bauernhof Scarlino; Der Bauernhof Der Banchella ist ein wirklich in Familienbesitz und Management im Herzen der Toskana in Scarlino den Golf von Follonica vor der Insel Elba entfernt.\" \/>\n<meta name=\"robots\" content=\"index, follow, max-snippet:-1, max-image-preview:large, max-video-preview:-1\" \/>\n<meta property=\"og:locale\" content=\"de_DE\" \/>\n<meta property=\"og:type\" content=\"article\" \/>\n<meta property=\"og:title\" content=\"Kontakt Bauernhof Scarlino: Bauernhof Banchella\" \/>\n<meta property=\"og:description\" content=\"Kontakt Bauernhof Scarlino; Der Bauernhof Der Banchella ist ein wirklich in Familienbesitz und Management im Herzen der Toskana in Scarlino den Golf von Follonica vor der Insel Elba entfernt.\" \/>\n<meta property=\"og:url\" content=\"https:\/\/www.banchella.com\/de\/kontakt-bauernhof-scarlino\/\" \/>\n<meta property=\"og:site_name\" content=\"Banchella\" \/>\n<meta property=\"article:modified_time\" content=\"2026-02-15T20:17:40+00:00\" \/>\n<meta property=\"og:image\" content=\"https:\/\/www.banchella.com\/wp-content\/uploads\/2014\/06\/placeholder_image1.png\" \/>\n\t<meta property=\"og:image:width\" content=\"1900\" \/>\n\t<meta property=\"og:image:height\" content=\"1200\" \/>\n\t<meta property=\"og:image:type\" content=\"image\/png\" \/>\n<meta name=\"twitter:label1\" content=\"Gesch\u00e4tzte Lesezeit\" \/>\n\t<meta name=\"twitter:data1\" content=\"1\u00a0Minute\" \/>\n<script type=\"application\/ld+json\" class=\"yoast-schema-graph\">{\"@context\":\"https:\/\/schema.org\",\"@graph\":[{\"@type\":\"WebPage\",\"@id\":\"https:\/\/www.banchella.com\/de\/kontakt-bauernhof-scarlino\/\",\"url\":\"https:\/\/www.banchella.com\/de\/kontakt-bauernhof-scarlino\/\",\"name\":\"Kontakt Bauernhof Scarlino: Bauernhof Banchella\",\"isPartOf\":{\"@id\":\"https:\/\/www.banchella.com\/#website\"},\"datePublished\":\"2014-05-30T14:17:08+00:00\",\"dateModified\":\"2026-02-15T20:17:40+00:00\",\"description\":\"Kontakt Bauernhof Scarlino; Der Bauernhof Der Banchella ist ein wirklich in Familienbesitz und Management im Herzen der Toskana in Scarlino den Golf von Follonica vor der Insel Elba entfernt.\",\"breadcrumb\":{\"@id\":\"https:\/\/www.banchella.com\/de\/kontakt-bauernhof-scarlino\/#breadcrumb\"},\"inLanguage\":\"de\",\"potentialAction\":[{\"@type\":\"ReadAction\",\"target\":[\"https:\/\/www.banchella.com\/de\/kontakt-bauernhof-scarlino\/\"]}]},{\"@type\":\"BreadcrumbList\",\"@id\":\"https:\/\/www.banchella.com\/de\/kontakt-bauernhof-scarlino\/#breadcrumb\",\"itemListElement\":[{\"@type\":\"ListItem\",\"position\":1,\"name\":\"Home\",\"item\":\"https:\/\/www.banchella.com\/de\/\"},{\"@type\":\"ListItem\",\"position\":2,\"name\":\"Kontakt Bauernhof Scarlino\"}]},{\"@type\":\"WebSite\",\"@id\":\"https:\/\/www.banchella.com\/#website\",\"url\":\"https:\/\/www.banchella.com\/\",\"name\":\"Banchella\",\"description\":\"Agriturismo a Scarlino\",\"potentialAction\":[{\"@type\":\"SearchAction\",\"target\":{\"@type\":\"EntryPoint\",\"urlTemplate\":\"https:\/\/www.banchella.com\/?s={search_term_string}\"},\"query-input\":\"required name=search_term_string\"}],\"inLanguage\":\"de\"}]}<\/script>\n<!-- \/ Yoast SEO plugin. -->","yoast_head_json":{"title":"Kontakt Bauernhof Scarlino: Bauernhof Banchella","description":"Kontakt Bauernhof Scarlino; Der Bauernhof Der Banchella ist ein wirklich in Familienbesitz und Management im Herzen der Toskana in Scarlino den Golf von Follonica vor der Insel Elba entfernt.","robots":{"index":"index","follow":"follow","max-snippet":"max-snippet:-1","max-image-preview":"max-image-preview:large","max-video-preview":"max-video-preview:-1"},"og_locale":"de_DE","og_type":"article","og_title":"Kontakt Bauernhof Scarlino: Bauernhof Banchella","og_description":"Kontakt Bauernhof Scarlino; Der Bauernhof Der Banchella ist ein wirklich in Familienbesitz und Management im Herzen der Toskana in Scarlino den Golf von Follonica vor der Insel Elba entfernt.","og_url":"https:\/\/www.banchella.com\/de\/kontakt-bauernhof-scarlino\/","og_site_name":"Banchella","article_modified_time":"2026-02-15T20:17:40+00:00","og_image":[{"width":1900,"height":1200,"url":"https:\/\/www.banchella.com\/wp-content\/uploads\/2014\/06\/placeholder_image1.png","type":"image\/png"}],"twitter_misc":{"Gesch\u00e4tzte Lesezeit":"1\u00a0Minute"},"schema":{"@context":"https:\/\/schema.org","@graph":[{"@type":"WebPage","@id":"https:\/\/www.banchella.com\/de\/kontakt-bauernhof-scarlino\/","url":"https:\/\/www.banchella.com\/de\/kontakt-bauernhof-scarlino\/","name":"Kontakt Bauernhof Scarlino: Bauernhof Banchella","isPartOf":{"@id":"https:\/\/www.banchella.com\/#website"},"datePublished":"2014-05-30T14:17:08+00:00","dateModified":"2026-02-15T20:17:40+00:00","description":"Kontakt Bauernhof Scarlino; Der Bauernhof Der Banchella ist ein wirklich in Familienbesitz und Management im Herzen der Toskana in Scarlino den Golf von Follonica vor der Insel Elba entfernt.","breadcrumb":{"@id":"https:\/\/www.banchella.com\/de\/kontakt-bauernhof-scarlino\/#breadcrumb"},"inLanguage":"de","potentialAction":[{"@type":"ReadAction","target":["https:\/\/www.banchella.com\/de\/kontakt-bauernhof-scarlino\/"]}]},{"@type":"BreadcrumbList","@id":"https:\/\/www.banchella.com\/de\/kontakt-bauernhof-scarlino\/#breadcrumb","itemListElement":[{"@type":"ListItem","position":1,"name":"Home","item":"https:\/\/www.banchella.com\/de\/"},{"@type":"ListItem","position":2,"name":"Kontakt Bauernhof Scarlino"}]},{"@type":"WebSite","@id":"https:\/\/www.banchella.com\/#website","url":"https:\/\/www.banchella.com\/","name":"Banchella","description":"Agriturismo a Scarlino","potentialAction":[{"@type":"SearchAction","target":{"@type":"EntryPoint","urlTemplate":"https:\/\/www.banchella.com\/?s={search_term_string}"},"query-input":"required name=search_term_string"}],"inLanguage":"de"}]}},"_links":{"self":[{"href":"https:\/\/www.banchella.com\/de\/wp-json\/wp\/v2\/pages\/1234"}],"collection":[{"href":"https:\/\/www.banchella.com\/de\/wp-json\/wp\/v2\/pages"}],"about":[{"href":"https:\/\/www.banchella.com\/de\/wp-json\/wp\/v2\/types\/page"}],"author":[{"embeddable":true,"href":"https:\/\/www.banchella.com\/de\/wp-json\/wp\/v2\/users\/1"}],"replies":[{"embeddable":true,"href":"https:\/\/www.banchella.com\/de\/wp-json\/wp\/v2\/comments?post=1234"}],"version-history":[{"count":1,"href":"https:\/\/www.banchella.com\/de\/wp-json\/wp\/v2\/pages\/1234\/revisions"}],"predecessor-version":[{"id":21247,"href":"https:\/\/www.banchella.com\/de\/wp-json\/wp\/v2\/pages\/1234\/revisions\/21247"}],"wp:featuredmedia":[{"embeddable":true,"href":"https:\/\/www.banchella.com\/de\/wp-json\/wp\/v2\/media\/1048"}],"wp:attachment":[{"href":"https:\/\/www.banchella.com\/de\/wp-json\/wp\/v2\/media?parent=1234"}],"curies":[{"name":"wp","href":"https:\/\/api.w.org\/{rel}","templated":true}]}}