{"id":1244,"date":"2014-05-30T09:17:16","date_gmt":"2014-05-30T09:17:16","guid":{"rendered":"http:\/\/provawp3.piramedia.it\/frontpage\/recipes\/"},"modified":"2022-01-04T08:41:27","modified_gmt":"2022-01-04T08:41:27","slug":"recipes","status":"publish","type":"page","link":"https:\/\/www.banchella.com\/de\/frontpage\/recipes\/","title":{"rendered":"Unsere Geschichte"},"content":{"rendered":"<div class=\"pixcode  pixcode--grid  grid  \">\n\n<div class=\"grid__item three-twelfths palm-one-whole \">\n\n<p><a href=\"\/wp-content\/uploads\/2014\/06\/a.jpg\"><img decoding=\"async\" loading=\"lazy\" class=\"alignnone wp-image-583 size-medium\" src=\"\/wp-content\/uploads\/2014\/06\/a-200x300.jpg\" alt=\"a\" width=\"200\" height=\"300\" srcset=\"https:\/\/www.banchella.com\/wp-content\/uploads\/2014\/06\/a-200x300.jpg 200w, https:\/\/www.banchella.com\/wp-content\/uploads\/2014\/06\/a.jpg 682w, https:\/\/www.banchella.com\/wp-content\/uploads\/2014\/06\/a-400x601.jpg 400w\" sizes=\"(max-width: 200px) 100vw, 200px\" \/><\/a><\/p>\n\n<\/div>\n<div class=\"grid__item three-twelfths palm-one-whole \">\n\n<p><a href=\"\/wp-content\/uploads\/2014\/05\/b1.jpg\"><img decoding=\"async\" loading=\"lazy\" class=\"alignnone size-medium wp-image-607\" src=\"\/wp-content\/uploads\/2014\/05\/b1-200x300.jpg\" alt=\"b\" width=\"265\" height=\"397\" srcset=\"https:\/\/www.banchella.com\/wp-content\/uploads\/2014\/05\/b1-200x300.jpg 200w, https:\/\/www.banchella.com\/wp-content\/uploads\/2014\/05\/b1.jpg 682w, https:\/\/www.banchella.com\/wp-content\/uploads\/2014\/05\/b1-400x601.jpg 400w\" sizes=\"(max-width: 265px) 100vw, 265px\" \/><\/a><\/p>\n\n<\/div>\n\n<div class=\"grid__item six-twelfths palm-one-whole island\">\n\n<hgroup class=\"pixcode  pixcode--heading article__headline\">\n\t<h2 class=\"headline__secondary\"><span class=\"first-letter\">U<\/span>nsere <\/h2>\n\t<h1 class=\"headline__primary\">Geschichte<\/h1>\n<\/hgroup>\n<div class=\"pixcode  pixcode--separator  separator separator--flower separator_color--dark\">&#10043;<\/div>\n\n<p style=\"text-align: center;\">Seit den fr\u00fchen 50er Jahren und drei Generationen der Familie Guidoni f\u00fchrt mit Leidenschaft der Hof zun\u00e4chst widmete die Beweidung von Tieren, in den 80er Jahren wurde es f\u00fcr den Anbau von Obst und Gem\u00fcse Qualit\u00e4t direkt auf den lokalen M\u00e4rkten bereits vorweg die vermarktet umgewandelt vielen Jahren ist die Logik der &#8222;Null-Abstand&#8220;<\/p>\n<p style=\"text-align: center;\"><a href=\"https:\/\/www.banchella.com\/de\/unsere-geschichte\/\">Mehr erfahren<\/a><\/p>\n<p style=\"text-align: center;\">\n<\/div>\n\n\n<\/div>\n\n","protected":false},"excerpt":{"rendered":"","protected":false},"author":1,"featured_media":6085,"parent":1242,"menu_order":1,"comment_status":"closed","ping_status":"closed","template":"","meta":{"_expiration-date-status":"saved","_expiration-date":0,"_expiration-date-type":"","_expiration-date-categories":[],"_expiration-date-options":[]},"yoast_head":"<!-- This site is optimized with the Yoast SEO plugin v20.1 - https:\/\/yoast.com\/wordpress\/plugins\/seo\/ -->\n<title>Unsere Geschichte - Banchella<\/title>\n<meta name=\"robots\" content=\"index, follow, max-snippet:-1, max-image-preview:large, max-video-preview:-1\" \/>\n<meta property=\"og:locale\" content=\"de_DE\" \/>\n<meta property=\"og:type\" content=\"article\" \/>\n<meta property=\"og:title\" content=\"Unsere Geschichte - Banchella\" \/>\n<meta property=\"og:url\" content=\"https:\/\/www.banchella.com\/de\/frontpage\/recipes\/\" \/>\n<meta property=\"og:site_name\" content=\"Banchella\" \/>\n<meta property=\"article:modified_time\" content=\"2022-01-04T08:41:27+00:00\" \/>\n<meta property=\"og:image\" content=\"https:\/\/www.banchella.com\/wp-content\/uploads\/2022\/01\/r2b04577-1024x683.jpg\" \/>\n\t<meta property=\"og:image:width\" content=\"1024\" \/>\n\t<meta property=\"og:image:height\" content=\"683\" \/>\n\t<meta property=\"og:image:type\" content=\"image\/jpeg\" \/>\n<script type=\"application\/ld+json\" class=\"yoast-schema-graph\">{\"@context\":\"https:\/\/schema.org\",\"@graph\":[{\"@type\":\"WebPage\",\"@id\":\"https:\/\/www.banchella.com\/de\/frontpage\/recipes\/\",\"url\":\"https:\/\/www.banchella.com\/de\/frontpage\/recipes\/\",\"name\":\"Unsere Geschichte - Banchella\",\"isPartOf\":{\"@id\":\"https:\/\/www.banchella.com\/#website\"},\"datePublished\":\"2014-05-30T09:17:16+00:00\",\"dateModified\":\"2022-01-04T08:41:27+00:00\",\"breadcrumb\":{\"@id\":\"https:\/\/www.banchella.com\/de\/frontpage\/recipes\/#breadcrumb\"},\"inLanguage\":\"de\",\"potentialAction\":[{\"@type\":\"ReadAction\",\"target\":[\"https:\/\/www.banchella.com\/de\/frontpage\/recipes\/\"]}]},{\"@type\":\"BreadcrumbList\",\"@id\":\"https:\/\/www.banchella.com\/de\/frontpage\/recipes\/#breadcrumb\",\"itemListElement\":[{\"@type\":\"ListItem\",\"position\":1,\"name\":\"Home\",\"item\":\"https:\/\/www.banchella.com\/de\/\"},{\"@type\":\"ListItem\",\"position\":2,\"name\":\"Bauernhof SCARLINO FOLLONICA\",\"item\":\"https:\/\/www.banchella.com\/de\/\"},{\"@type\":\"ListItem\",\"position\":3,\"name\":\"Unsere Geschichte\"}]},{\"@type\":\"WebSite\",\"@id\":\"https:\/\/www.banchella.com\/#website\",\"url\":\"https:\/\/www.banchella.com\/\",\"name\":\"Banchella\",\"description\":\"Agriturismo a Scarlino\",\"potentialAction\":[{\"@type\":\"SearchAction\",\"target\":{\"@type\":\"EntryPoint\",\"urlTemplate\":\"https:\/\/www.banchella.com\/?s={search_term_string}\"},\"query-input\":\"required name=search_term_string\"}],\"inLanguage\":\"de\"}]}<\/script>\n<!-- \/ Yoast SEO plugin. -->","yoast_head_json":{"title":"Unsere Geschichte - Banchella","robots":{"index":"index","follow":"follow","max-snippet":"max-snippet:-1","max-image-preview":"max-image-preview:large","max-video-preview":"max-video-preview:-1"},"og_locale":"de_DE","og_type":"article","og_title":"Unsere Geschichte - Banchella","og_url":"https:\/\/www.banchella.com\/de\/frontpage\/recipes\/","og_site_name":"Banchella","article_modified_time":"2022-01-04T08:41:27+00:00","og_image":[{"width":1024,"height":683,"url":"https:\/\/www.banchella.com\/wp-content\/uploads\/2022\/01\/r2b04577-1024x683.jpg","type":"image\/jpeg"}],"schema":{"@context":"https:\/\/schema.org","@graph":[{"@type":"WebPage","@id":"https:\/\/www.banchella.com\/de\/frontpage\/recipes\/","url":"https:\/\/www.banchella.com\/de\/frontpage\/recipes\/","name":"Unsere Geschichte - Banchella","isPartOf":{"@id":"https:\/\/www.banchella.com\/#website"},"datePublished":"2014-05-30T09:17:16+00:00","dateModified":"2022-01-04T08:41:27+00:00","breadcrumb":{"@id":"https:\/\/www.banchella.com\/de\/frontpage\/recipes\/#breadcrumb"},"inLanguage":"de","potentialAction":[{"@type":"ReadAction","target":["https:\/\/www.banchella.com\/de\/frontpage\/recipes\/"]}]},{"@type":"BreadcrumbList","@id":"https:\/\/www.banchella.com\/de\/frontpage\/recipes\/#breadcrumb","itemListElement":[{"@type":"ListItem","position":1,"name":"Home","item":"https:\/\/www.banchella.com\/de\/"},{"@type":"ListItem","position":2,"name":"Bauernhof SCARLINO FOLLONICA","item":"https:\/\/www.banchella.com\/de\/"},{"@type":"ListItem","position":3,"name":"Unsere Geschichte"}]},{"@type":"WebSite","@id":"https:\/\/www.banchella.com\/#website","url":"https:\/\/www.banchella.com\/","name":"Banchella","description":"Agriturismo a Scarlino","potentialAction":[{"@type":"SearchAction","target":{"@type":"EntryPoint","urlTemplate":"https:\/\/www.banchella.com\/?s={search_term_string}"},"query-input":"required name=search_term_string"}],"inLanguage":"de"}]}},"_links":{"self":[{"href":"https:\/\/www.banchella.com\/de\/wp-json\/wp\/v2\/pages\/1244"}],"collection":[{"href":"https:\/\/www.banchella.com\/de\/wp-json\/wp\/v2\/pages"}],"about":[{"href":"https:\/\/www.banchella.com\/de\/wp-json\/wp\/v2\/types\/page"}],"author":[{"embeddable":true,"href":"https:\/\/www.banchella.com\/de\/wp-json\/wp\/v2\/users\/1"}],"replies":[{"embeddable":true,"href":"https:\/\/www.banchella.com\/de\/wp-json\/wp\/v2\/comments?post=1244"}],"version-history":[{"count":0,"href":"https:\/\/www.banchella.com\/de\/wp-json\/wp\/v2\/pages\/1244\/revisions"}],"up":[{"embeddable":true,"href":"https:\/\/www.banchella.com\/de\/wp-json\/wp\/v2\/pages\/1242"}],"wp:featuredmedia":[{"embeddable":true,"href":"https:\/\/www.banchella.com\/de\/wp-json\/wp\/v2\/media\/6085"}],"wp:attachment":[{"href":"https:\/\/www.banchella.com\/de\/wp-json\/wp\/v2\/media?parent=1244"}],"curies":[{"name":"wp","href":"https:\/\/api.w.org\/{rel}","templated":true}]}}