{"id":1250,"date":"2015-01-29T10:05:41","date_gmt":"2015-01-29T10:05:41","guid":{"rendered":"http:\/\/provawp3.piramedia.it\/la-nostra-storia-2\/"},"modified":"2020-01-22T15:33:54","modified_gmt":"2020-01-22T15:33:54","slug":"unsere-geschichte","status":"publish","type":"page","link":"https:\/\/www.banchella.com\/de\/unsere-geschichte\/","title":{"rendered":"Unsere Geschichte"},"content":{"rendered":"<div class=\"pixcode  pixcode--grid  grid  \">\n\n<div class=\"grid__item eight-twelfths palm-one-whole island\">\n\n<hgroup class=\"pixcode  pixcode--heading article__headline\">\n\t<h2 class=\"headline__secondary\"><span class=\"first-letter\">U<\/span>nsere Geschichte<\/h2>\n\t<h1 class=\"headline__primary\"><\/h1>\n<\/hgroup>\n<div class=\"pixcode  pixcode--separator  separator separator--line-flower separator_color--color\">\n<div class=\"line  line--left\"><\/div>\n<div class=\"line  line--right\"><\/div>\n<div class=\"star\">&#10043;<\/div>\n<div class=\"arrows\">\n<div class=\"arrow arrow--left\"><\/div>\n<div class=\"arrow arrow--right\"><\/div>\n<\/div>\n<\/div>\n\n<p>Seit den fr\u00fchen 50er Jahren und drei Generationen der Familie Guidoni f\u00fchrt mit Leidenschaft der Hof zun\u00e4chst widmete die Beweidung von Tieren, in den 80er Jahren wurde es f\u00fcr den Anbau von Obst und Gem\u00fcse Qualit\u00e4t direkt auf den lokalen M\u00e4rkten bereits vorweg die vermarktet umgewandelt seit vielen Jahren die Logik der &#8222;Null-Kilometer&#8220;; 90er Jahre landwirtschaftliche T\u00e4tigkeit wurde von der Farm mit den ersten Wohnungen begleitet und im Jahr 2006 wurde die Farm weiter mit der Schaffung der Zimmer, der Pool und der Speisesaal f\u00fcr Fr\u00fchst\u00fcck \/ Verkostungen durchgef\u00fchrt, w\u00e4hrend die landwirtschaftliche Produktion war vollst\u00e4ndig umgesetzt, mit der Anlage von etwa 1500 Olivenb\u00e4ume, aus denen wir eine exzellente extra Virgin, die Sie hier auf der Farm schmecken bekommen oliv. Noris und Vilma, Manager, 30 Jahre lang am Leben zu halten die Leidenschaft f\u00fcr dieses Land weiter zu produzieren, \u00fcber \u00d6l, Gem\u00fcse und Obst der Saison, dass man das Vergn\u00fcgen, direkt im Feld zu sammeln, um sie zu der Zeit zu essen &#8230; vielleicht nach einem Spaziergang um den Zwinger &#8222;wild&#8220; von Schafen und K\u00fchen Maremma!<\/p>\n\n<\/div>\n\n<div class=\"grid__item two-twelfths palm-one-whole \">\n\n<div style=\"text-align: center;\"><a href=\"https:\/\/www.banchella.com\/wp-content\/uploads\/2014\/06\/a.jpg\"><img decoding=\"async\" loading=\"lazy\" class=\"alignnone size-medium wp-image-583\" src=\"https:\/\/www.banchella.com\/wp-content\/uploads\/2014\/06\/a-200x300.jpg\" alt=\"a\" width=\"200\" height=\"300\" srcset=\"https:\/\/www.banchella.com\/wp-content\/uploads\/2014\/06\/a-200x300.jpg 200w, https:\/\/www.banchella.com\/wp-content\/uploads\/2014\/06\/a.jpg 682w, https:\/\/www.banchella.com\/wp-content\/uploads\/2014\/06\/a-400x601.jpg 400w\" sizes=\"(max-width: 200px) 100vw, 200px\" \/><\/a><\/div>\n<p>&nbsp;<\/p>\n<div style=\"text-align: center;\"><\/div>\n\n<\/div>\n<div class=\"grid__item two-twelfths palm-one-whole \">\n\n<div style=\"text-align: center;\"><a href=\"https:\/\/www.banchella.com\/wp-content\/uploads\/2014\/06\/b.jpg\"><img decoding=\"async\" loading=\"lazy\" class=\"alignnone size-medium wp-image-584\" src=\"https:\/\/www.banchella.com\/wp-content\/uploads\/2014\/06\/b-200x300.jpg\" alt=\"b\" width=\"200\" height=\"300\" srcset=\"https:\/\/www.banchella.com\/wp-content\/uploads\/2014\/06\/b-200x300.jpg 200w, https:\/\/www.banchella.com\/wp-content\/uploads\/2014\/06\/b.jpg 682w, https:\/\/www.banchella.com\/wp-content\/uploads\/2014\/06\/b-400x601.jpg 400w\" sizes=\"(max-width: 200px) 100vw, 200px\" \/><\/a><\/div>\n<p>&nbsp;<\/p>\n<div style=\"text-align: center;\"><\/div>\n\n<\/div>\n\n\n<\/div>\n\n","protected":false},"excerpt":{"rendered":"","protected":false},"author":1,"featured_media":0,"parent":0,"menu_order":0,"comment_status":"closed","ping_status":"closed","template":"page-templates\/slideshow.php","meta":{"_expiration-date-status":"saved","_expiration-date":0,"_expiration-date-type":"","_expiration-date-categories":[],"_expiration-date-options":[]},"yoast_head":"<!-- This site is optimized with the Yoast SEO plugin v20.1 - https:\/\/yoast.com\/wordpress\/plugins\/seo\/ -->\n<title>Unsere Geschichte: Bauernhof La Cala Violina Banchella<\/title>\n<meta name=\"description\" content=\"Unsere Geschichte; Der Bauernhof Der Banchella ist ein wirklich in Familienbesitz und Management im Herzen der Toskana in Scarlino den Golf von Follonica vor der Insel Elba entfernt.\" \/>\n<meta name=\"robots\" content=\"index, follow, max-snippet:-1, max-image-preview:large, max-video-preview:-1\" \/>\n<meta property=\"og:locale\" content=\"de_DE\" \/>\n<meta property=\"og:type\" content=\"article\" \/>\n<meta property=\"og:title\" content=\"Unsere Geschichte: Bauernhof La Cala Violina Banchella\" \/>\n<meta property=\"og:description\" content=\"Unsere Geschichte; Der Bauernhof Der Banchella ist ein wirklich in Familienbesitz und Management im Herzen der Toskana in Scarlino den Golf von Follonica vor der Insel Elba entfernt.\" \/>\n<meta property=\"og:url\" content=\"https:\/\/www.banchella.com\/de\/unsere-geschichte\/\" \/>\n<meta property=\"og:site_name\" content=\"Banchella\" \/>\n<meta property=\"article:modified_time\" content=\"2020-01-22T15:33:54+00:00\" \/>\n<meta property=\"og:image\" content=\"https:\/\/www.banchella.com\/wp-content\/uploads\/2014\/06\/a-200x300.jpg\" \/>\n<meta name=\"twitter:label1\" content=\"Gesch\u00e4tzte Lesezeit\" \/>\n\t<meta name=\"twitter:data1\" content=\"1\u00a0Minute\" \/>\n<script type=\"application\/ld+json\" class=\"yoast-schema-graph\">{\"@context\":\"https:\/\/schema.org\",\"@graph\":[{\"@type\":\"WebPage\",\"@id\":\"https:\/\/www.banchella.com\/de\/unsere-geschichte\/\",\"url\":\"https:\/\/www.banchella.com\/de\/unsere-geschichte\/\",\"name\":\"Unsere Geschichte: Bauernhof La Cala Violina Banchella\",\"isPartOf\":{\"@id\":\"https:\/\/www.banchella.com\/#website\"},\"datePublished\":\"2015-01-29T10:05:41+00:00\",\"dateModified\":\"2020-01-22T15:33:54+00:00\",\"description\":\"Unsere Geschichte; Der Bauernhof Der Banchella ist ein wirklich in Familienbesitz und Management im Herzen der Toskana in Scarlino den Golf von Follonica vor der Insel Elba entfernt.\",\"breadcrumb\":{\"@id\":\"https:\/\/www.banchella.com\/de\/unsere-geschichte\/#breadcrumb\"},\"inLanguage\":\"de\",\"potentialAction\":[{\"@type\":\"ReadAction\",\"target\":[\"https:\/\/www.banchella.com\/de\/unsere-geschichte\/\"]}]},{\"@type\":\"BreadcrumbList\",\"@id\":\"https:\/\/www.banchella.com\/de\/unsere-geschichte\/#breadcrumb\",\"itemListElement\":[{\"@type\":\"ListItem\",\"position\":1,\"name\":\"Home\",\"item\":\"https:\/\/www.banchella.com\/de\/\"},{\"@type\":\"ListItem\",\"position\":2,\"name\":\"Unsere Geschichte\"}]},{\"@type\":\"WebSite\",\"@id\":\"https:\/\/www.banchella.com\/#website\",\"url\":\"https:\/\/www.banchella.com\/\",\"name\":\"Banchella\",\"description\":\"Agriturismo a Scarlino\",\"potentialAction\":[{\"@type\":\"SearchAction\",\"target\":{\"@type\":\"EntryPoint\",\"urlTemplate\":\"https:\/\/www.banchella.com\/?s={search_term_string}\"},\"query-input\":\"required name=search_term_string\"}],\"inLanguage\":\"de\"}]}<\/script>\n<!-- \/ Yoast SEO plugin. -->","yoast_head_json":{"title":"Unsere Geschichte: Bauernhof La Cala Violina Banchella","description":"Unsere Geschichte; Der Bauernhof Der Banchella ist ein wirklich in Familienbesitz und Management im Herzen der Toskana in Scarlino den Golf von Follonica vor der Insel Elba entfernt.","robots":{"index":"index","follow":"follow","max-snippet":"max-snippet:-1","max-image-preview":"max-image-preview:large","max-video-preview":"max-video-preview:-1"},"og_locale":"de_DE","og_type":"article","og_title":"Unsere Geschichte: Bauernhof La Cala Violina Banchella","og_description":"Unsere Geschichte; Der Bauernhof Der Banchella ist ein wirklich in Familienbesitz und Management im Herzen der Toskana in Scarlino den Golf von Follonica vor der Insel Elba entfernt.","og_url":"https:\/\/www.banchella.com\/de\/unsere-geschichte\/","og_site_name":"Banchella","article_modified_time":"2020-01-22T15:33:54+00:00","og_image":[{"url":"https:\/\/www.banchella.com\/wp-content\/uploads\/2014\/06\/a-200x300.jpg"}],"twitter_misc":{"Gesch\u00e4tzte Lesezeit":"1\u00a0Minute"},"schema":{"@context":"https:\/\/schema.org","@graph":[{"@type":"WebPage","@id":"https:\/\/www.banchella.com\/de\/unsere-geschichte\/","url":"https:\/\/www.banchella.com\/de\/unsere-geschichte\/","name":"Unsere Geschichte: Bauernhof La Cala Violina Banchella","isPartOf":{"@id":"https:\/\/www.banchella.com\/#website"},"datePublished":"2015-01-29T10:05:41+00:00","dateModified":"2020-01-22T15:33:54+00:00","description":"Unsere Geschichte; Der Bauernhof Der Banchella ist ein wirklich in Familienbesitz und Management im Herzen der Toskana in Scarlino den Golf von Follonica vor der Insel Elba entfernt.","breadcrumb":{"@id":"https:\/\/www.banchella.com\/de\/unsere-geschichte\/#breadcrumb"},"inLanguage":"de","potentialAction":[{"@type":"ReadAction","target":["https:\/\/www.banchella.com\/de\/unsere-geschichte\/"]}]},{"@type":"BreadcrumbList","@id":"https:\/\/www.banchella.com\/de\/unsere-geschichte\/#breadcrumb","itemListElement":[{"@type":"ListItem","position":1,"name":"Home","item":"https:\/\/www.banchella.com\/de\/"},{"@type":"ListItem","position":2,"name":"Unsere Geschichte"}]},{"@type":"WebSite","@id":"https:\/\/www.banchella.com\/#website","url":"https:\/\/www.banchella.com\/","name":"Banchella","description":"Agriturismo a Scarlino","potentialAction":[{"@type":"SearchAction","target":{"@type":"EntryPoint","urlTemplate":"https:\/\/www.banchella.com\/?s={search_term_string}"},"query-input":"required name=search_term_string"}],"inLanguage":"de"}]}},"_links":{"self":[{"href":"https:\/\/www.banchella.com\/de\/wp-json\/wp\/v2\/pages\/1250"}],"collection":[{"href":"https:\/\/www.banchella.com\/de\/wp-json\/wp\/v2\/pages"}],"about":[{"href":"https:\/\/www.banchella.com\/de\/wp-json\/wp\/v2\/types\/page"}],"author":[{"embeddable":true,"href":"https:\/\/www.banchella.com\/de\/wp-json\/wp\/v2\/users\/1"}],"replies":[{"embeddable":true,"href":"https:\/\/www.banchella.com\/de\/wp-json\/wp\/v2\/comments?post=1250"}],"version-history":[{"count":0,"href":"https:\/\/www.banchella.com\/de\/wp-json\/wp\/v2\/pages\/1250\/revisions"}],"wp:attachment":[{"href":"https:\/\/www.banchella.com\/de\/wp-json\/wp\/v2\/media?parent=1250"}],"curies":[{"name":"wp","href":"https:\/\/api.w.org\/{rel}","templated":true}]}}