{"id":1258,"date":"2015-01-29T08:51:15","date_gmt":"2015-01-29T08:51:15","guid":{"rendered":"http:\/\/provawp3.piramedia.it\/prezzi-2\/"},"modified":"2026-02-15T20:11:47","modified_gmt":"2026-02-15T20:11:47","slug":"preise-bauernhof-scarlino","status":"publish","type":"page","link":"https:\/\/www.banchella.com\/de\/preise-bauernhof-scarlino\/","title":{"rendered":"Preise Bauernhof Scarlino"},"content":{"rendered":"<hgroup class=\"pixcode  pixcode--heading article__headline\">\n\t<h2 class=\"headline__secondary\"><span class=\"first-letter\">P<\/span>reise Bauernhof Scarlino<\/h2>\n\t<h1 class=\"headline__primary\"><\/h1>\n<\/hgroup>\n<div class=\"pixcode  pixcode--separator  separator separator--line-flower\">\n<div class=\"line  line--left\"><\/div>\n<div class=\"line  line--right\"><\/div>\n<div class=\"star\">&#10043;<\/div>\n<div class=\"arrows\">\n<div class=\"arrow arrow--left\"><\/div>\n<div class=\"arrow arrow--right\"><\/div>\n<\/div>\n<\/div>\n\n<div class=\"pixcode  pixcode--grid  grid  \">\n<div class=\"grid__item one-whole palm-one-whole \">\n<strong>Die Preise der Zimmer B&amp;B:<\/strong>\n<\/div>\n\n<\/div>\n\n<div class=\"pixcode  pixcode--grid  grid  \">\n<div class=\"grid__item six-twelfths palm-one-whole \">\nVon Oktober bis M\u00e4rz\n<\/div>\n<div class=\"grid__item six-twelfths palm-one-whole \">\nEuro 75,00\n<\/div>\n\n<\/div>\n\n<div class=\"pixcode  pixcode--grid  grid  \">\n<div class=\"grid__item six-twelfths palm-one-whole \">\nApril und Mai\n<\/div>\n<div class=\"grid__item six-twelfths palm-one-whole \">\nEuro 85,00\n<\/div>\n\n<\/div>\n\n<div class=\"pixcode  pixcode--grid  grid  \">\n<div class=\"grid__item six-twelfths palm-one-whole \">\nJuni und September\n<\/div>\n<div class=\"grid__item six-twelfths palm-one-whole \">\nEuro 89,00\n<\/div>\n\n<\/div>\n\n<div class=\"pixcode  pixcode--grid  grid  \">\n<div class=\"grid__item six-twelfths palm-one-whole \">\nJuli\n<\/div>\n<div class=\"grid__item six-twelfths palm-one-whole \">\nEuro 102,00\n<\/div>\n\n<\/div>\n\n<div class=\"pixcode  pixcode--grid  grid  \">\n<div class=\"grid__item six-twelfths palm-one-whole \">\nAugust\n<\/div>\n<div class=\"grid__item six-twelfths palm-one-whole \">\nEuro 129,00\n<\/div>\n\n<\/div>\n\n<p>***Bei einer Einzel<span class=\"Y2IQFc\" lang=\"de\">\u00fc<\/span>bernachtung erfolgt eine Tariferh<span class=\"Y2IQFc\" lang=\"de\">\u00f6<\/span>hung von 10 Euro<\/p>\n<div class=\"pixcode  pixcode--grid  grid  \">\n<div class=\"grid__item one-whole palm-one-whole \">\n<strong>Die Preise f\u00fcr Wohnungen (pro Woche):<\/strong>\n<\/div>\n\n<\/div>\n\n<div class=\"pixcode  pixcode--grid  grid  \">\n<div class=\"grid__item six-twelfths palm-one-whole \">\nNebensaison\n<\/div>\n<div class=\"grid__item six-twelfths palm-one-whole \">\nEuro 490,00\n<\/div>\n\n<\/div>\n\n<div class=\"pixcode  pixcode--grid  grid  \">\n<div class=\"grid__item six-twelfths palm-one-whole \">\nMai\n<\/div>\n<div class=\"grid__item six-twelfths palm-one-whole \">\nEuro 595,00\n<\/div>\n\n<\/div>\n\n<div class=\"pixcode  pixcode--grid  grid  \">\n<div class=\"grid__item six-twelfths palm-one-whole \">\nJuni\n<\/div>\n<div class=\"grid__item six-twelfths palm-one-whole \">\nEuro 790,00\n<\/div>\n\n<\/div>\n\n<div class=\"pixcode  pixcode--grid  grid  \">\n<div class=\"grid__item six-twelfths palm-one-whole \">\nJuli\n<\/div>\n<div class=\"grid__item six-twelfths palm-one-whole \">\nEuro 995,00\n<\/div>\n\n<\/div>\n\n<div class=\"pixcode  pixcode--grid  grid  \">\n<div class=\"grid__item six-twelfths palm-one-whole \">\nAugust\n<\/div>\n<div class=\"grid__item six-twelfths palm-one-whole \">\nEuro 1190,00\n<\/div>\n\n<\/div>\n\n<div class=\"pixcode  pixcode--grid  grid  \">\n<div class=\"grid__item six-twelfths palm-one-whole \">\nSeptember\n<\/div>\n<div class=\"grid__item six-twelfths palm-one-whole \">\nEuro 995,00 bis 14\/09 &#8211; Euro 695,00 bis 30\/09\n<\/div>\n\n<\/div>\n\n<div class=\"pixcode  pixcode--grid  grid  \">\n<div class=\"grid__item six-twelfths palm-one-whole \">\nOktober\n<\/div>\n<div class=\"grid__item six-twelfths palm-one-whole \">\nEuro 595,00\n<\/div>\n\n<\/div>\n\n<p>&nbsp;<\/p>\n<p><strong>Der Preis beinhaltet:<\/strong><\/p>\n<p>Bettw\u00e4sche und Handt\u00fccher werden w\u00f6chentlich gewechselt<br \/>\nVerbrauch<br \/>\nReinigung<\/p>\n<p><strong>Extras:<\/strong><\/p>\n<p>Fr\u00fchst\u00fcck: inklusive <span class=\"Y2IQFc\" lang=\"de\">f\u00fcr die Zimmer \/\u00a0 <\/span><span class=\"Y2IQFc\" lang=\"de\">optionales Fr\u00fchst\u00fcck f\u00fcr 9 Euro pro Person in den Appartements<\/span><\/p>\n<p>Tiere sind nicht erlaubt.<\/p>\n<p>&nbsp;<\/p>\n<p>&nbsp;<\/p>\n","protected":false},"excerpt":{"rendered":"<p>***Bei einer Einzel\u00fcbernachtung erfolgt eine Tariferh\u00f6hung von 10 Euro &nbsp; Der Preis beinhaltet: Bettw\u00e4sche und Handt\u00fccher werden w\u00f6chentlich gewechselt Verbrauch Reinigung Extras: Fr\u00fchst\u00fcck: inklusive f\u00fcr die Zimmer \/\u00a0 optionales Fr\u00fchst\u00fcck f\u00fcr 9 Euro pro Person in den Appartements Tiere sind nicht erlaubt. &nbsp; &nbsp;<\/p>\n","protected":false},"author":1,"featured_media":0,"parent":0,"menu_order":0,"comment_status":"closed","ping_status":"closed","template":"page-templates\/slideshow.php","meta":{"_expiration-date-status":"saved","_expiration-date":0,"_expiration-date-type":"","_expiration-date-categories":[],"_expiration-date-options":[]},"yoast_head":"<!-- This site is optimized with the Yoast SEO plugin v20.1 - https:\/\/yoast.com\/wordpress\/plugins\/seo\/ -->\n<title>Preise Bauernhof Scarlino: Bauernhof Banchella<\/title>\n<meta name=\"description\" content=\"Preise Bauernhof Scarlino; Der Bauernhof Der Banchella ist ein wirklich in Familienbesitz und Management im Herzen der Toskana in Scarlino den Golf von Follonica vor der Insel Elba entfernt. Nah am Meer, nur drei Kilometer, und dem ber\u00fchmten Strand von Cala Violina\" \/>\n<meta name=\"robots\" content=\"index, follow, max-snippet:-1, max-image-preview:large, max-video-preview:-1\" \/>\n<meta property=\"og:locale\" content=\"de_DE\" \/>\n<meta property=\"og:type\" content=\"article\" \/>\n<meta property=\"og:title\" content=\"Preise Bauernhof Scarlino: Bauernhof Banchella\" \/>\n<meta property=\"og:description\" content=\"Preise Bauernhof Scarlino; Der Bauernhof Der Banchella ist ein wirklich in Familienbesitz und Management im Herzen der Toskana in Scarlino den Golf von Follonica vor der Insel Elba entfernt. Nah am Meer, nur drei Kilometer, und dem ber\u00fchmten Strand von Cala Violina\" \/>\n<meta property=\"og:url\" content=\"https:\/\/www.banchella.com\/de\/preise-bauernhof-scarlino\/\" \/>\n<meta property=\"og:site_name\" content=\"Banchella\" \/>\n<meta property=\"article:modified_time\" content=\"2026-02-15T20:11:47+00:00\" \/>\n<meta name=\"twitter:label1\" content=\"Gesch\u00e4tzte Lesezeit\" \/>\n\t<meta name=\"twitter:data1\" content=\"1\u00a0Minute\" \/>\n<script type=\"application\/ld+json\" class=\"yoast-schema-graph\">{\"@context\":\"https:\/\/schema.org\",\"@graph\":[{\"@type\":\"WebPage\",\"@id\":\"https:\/\/www.banchella.com\/de\/preise-bauernhof-scarlino\/\",\"url\":\"https:\/\/www.banchella.com\/de\/preise-bauernhof-scarlino\/\",\"name\":\"Preise Bauernhof Scarlino: Bauernhof Banchella\",\"isPartOf\":{\"@id\":\"https:\/\/www.banchella.com\/#website\"},\"datePublished\":\"2015-01-29T08:51:15+00:00\",\"dateModified\":\"2026-02-15T20:11:47+00:00\",\"description\":\"Preise Bauernhof Scarlino; Der Bauernhof Der Banchella ist ein wirklich in Familienbesitz und Management im Herzen der Toskana in Scarlino den Golf von Follonica vor der Insel Elba entfernt. Nah am Meer, nur drei Kilometer, und dem ber\u00fchmten Strand von Cala Violina\",\"breadcrumb\":{\"@id\":\"https:\/\/www.banchella.com\/de\/preise-bauernhof-scarlino\/#breadcrumb\"},\"inLanguage\":\"de\",\"potentialAction\":[{\"@type\":\"ReadAction\",\"target\":[\"https:\/\/www.banchella.com\/de\/preise-bauernhof-scarlino\/\"]}]},{\"@type\":\"BreadcrumbList\",\"@id\":\"https:\/\/www.banchella.com\/de\/preise-bauernhof-scarlino\/#breadcrumb\",\"itemListElement\":[{\"@type\":\"ListItem\",\"position\":1,\"name\":\"Home\",\"item\":\"https:\/\/www.banchella.com\/de\/\"},{\"@type\":\"ListItem\",\"position\":2,\"name\":\"Preise Bauernhof Scarlino\"}]},{\"@type\":\"WebSite\",\"@id\":\"https:\/\/www.banchella.com\/#website\",\"url\":\"https:\/\/www.banchella.com\/\",\"name\":\"Banchella\",\"description\":\"Agriturismo a Scarlino\",\"potentialAction\":[{\"@type\":\"SearchAction\",\"target\":{\"@type\":\"EntryPoint\",\"urlTemplate\":\"https:\/\/www.banchella.com\/?s={search_term_string}\"},\"query-input\":\"required name=search_term_string\"}],\"inLanguage\":\"de\"}]}<\/script>\n<!-- \/ Yoast SEO plugin. -->","yoast_head_json":{"title":"Preise Bauernhof Scarlino: Bauernhof Banchella","description":"Preise Bauernhof Scarlino; Der Bauernhof Der Banchella ist ein wirklich in Familienbesitz und Management im Herzen der Toskana in Scarlino den Golf von Follonica vor der Insel Elba entfernt. Nah am Meer, nur drei Kilometer, und dem ber\u00fchmten Strand von Cala Violina","robots":{"index":"index","follow":"follow","max-snippet":"max-snippet:-1","max-image-preview":"max-image-preview:large","max-video-preview":"max-video-preview:-1"},"og_locale":"de_DE","og_type":"article","og_title":"Preise Bauernhof Scarlino: Bauernhof Banchella","og_description":"Preise Bauernhof Scarlino; Der Bauernhof Der Banchella ist ein wirklich in Familienbesitz und Management im Herzen der Toskana in Scarlino den Golf von Follonica vor der Insel Elba entfernt. Nah am Meer, nur drei Kilometer, und dem ber\u00fchmten Strand von Cala Violina","og_url":"https:\/\/www.banchella.com\/de\/preise-bauernhof-scarlino\/","og_site_name":"Banchella","article_modified_time":"2026-02-15T20:11:47+00:00","twitter_misc":{"Gesch\u00e4tzte Lesezeit":"1\u00a0Minute"},"schema":{"@context":"https:\/\/schema.org","@graph":[{"@type":"WebPage","@id":"https:\/\/www.banchella.com\/de\/preise-bauernhof-scarlino\/","url":"https:\/\/www.banchella.com\/de\/preise-bauernhof-scarlino\/","name":"Preise Bauernhof Scarlino: Bauernhof Banchella","isPartOf":{"@id":"https:\/\/www.banchella.com\/#website"},"datePublished":"2015-01-29T08:51:15+00:00","dateModified":"2026-02-15T20:11:47+00:00","description":"Preise Bauernhof Scarlino; Der Bauernhof Der Banchella ist ein wirklich in Familienbesitz und Management im Herzen der Toskana in Scarlino den Golf von Follonica vor der Insel Elba entfernt. Nah am Meer, nur drei Kilometer, und dem ber\u00fchmten Strand von Cala Violina","breadcrumb":{"@id":"https:\/\/www.banchella.com\/de\/preise-bauernhof-scarlino\/#breadcrumb"},"inLanguage":"de","potentialAction":[{"@type":"ReadAction","target":["https:\/\/www.banchella.com\/de\/preise-bauernhof-scarlino\/"]}]},{"@type":"BreadcrumbList","@id":"https:\/\/www.banchella.com\/de\/preise-bauernhof-scarlino\/#breadcrumb","itemListElement":[{"@type":"ListItem","position":1,"name":"Home","item":"https:\/\/www.banchella.com\/de\/"},{"@type":"ListItem","position":2,"name":"Preise Bauernhof Scarlino"}]},{"@type":"WebSite","@id":"https:\/\/www.banchella.com\/#website","url":"https:\/\/www.banchella.com\/","name":"Banchella","description":"Agriturismo a Scarlino","potentialAction":[{"@type":"SearchAction","target":{"@type":"EntryPoint","urlTemplate":"https:\/\/www.banchella.com\/?s={search_term_string}"},"query-input":"required name=search_term_string"}],"inLanguage":"de"}]}},"_links":{"self":[{"href":"https:\/\/www.banchella.com\/de\/wp-json\/wp\/v2\/pages\/1258"}],"collection":[{"href":"https:\/\/www.banchella.com\/de\/wp-json\/wp\/v2\/pages"}],"about":[{"href":"https:\/\/www.banchella.com\/de\/wp-json\/wp\/v2\/types\/page"}],"author":[{"embeddable":true,"href":"https:\/\/www.banchella.com\/de\/wp-json\/wp\/v2\/users\/1"}],"replies":[{"embeddable":true,"href":"https:\/\/www.banchella.com\/de\/wp-json\/wp\/v2\/comments?post=1258"}],"version-history":[{"count":7,"href":"https:\/\/www.banchella.com\/de\/wp-json\/wp\/v2\/pages\/1258\/revisions"}],"predecessor-version":[{"id":21242,"href":"https:\/\/www.banchella.com\/de\/wp-json\/wp\/v2\/pages\/1258\/revisions\/21242"}],"wp:attachment":[{"href":"https:\/\/www.banchella.com\/de\/wp-json\/wp\/v2\/media?parent=1258"}],"curies":[{"name":"wp","href":"https:\/\/api.w.org\/{rel}","templated":true}]}}